{"id":268,"date":"2025-11-03T16:28:27","date_gmt":"2025-11-03T16:28:27","guid":{"rendered":"https:\/\/moseca.com.mx\/?page_id=268"},"modified":"2026-03-05T06:12:37","modified_gmt":"2026-03-05T06:12:37","slug":"quienes-somos","status":"publish","type":"page","link":"https:\/\/moseca.com.mx\/index.php\/quienes-somos\/","title":{"rendered":"Qui\u00e9nes Somos"},"content":{"rendered":"\t\t<div data-elementor-type=\"wp-page\" data-elementor-id=\"268\" class=\"elementor elementor-268\" data-elementor-post-type=\"page\">\n\t\t\t\t<div class=\"elementor-element elementor-element-77ce5f9 e-con-full e-flex e-con e-parent\" data-id=\"77ce5f9\" data-element_type=\"container\" data-e-type=\"container\">\n\t\t<div class=\"elementor-element elementor-element-498d2b7 e-con-full e-flex e-con e-child\" data-id=\"498d2b7\" data-element_type=\"container\" data-e-type=\"container\" data-settings=\"{&quot;background_background&quot;:&quot;video&quot;,&quot;background_video_link&quot;:&quot;https:\\\/\\\/youtu.be\\\/CGNy1sRTz-o&quot;}\">\n\t\t<div class=\"elementor-background-video-container elementor-hidden-mobile\">\n\t\t\t\t\t\t\t<div class=\"elementor-background-video-embed\" role=\"presentation\"><\/div>\n\t\t\t\t\t\t<\/div>\t\t<\/div>\n\t\t\t\t<\/div>\n\t\t<div class=\"elementor-element elementor-element-b6a327a e-flex e-con-boxed e-con e-parent\" data-id=\"b6a327a\" data-element_type=\"container\" data-e-type=\"container\">\n\t\t\t\t\t<div class=\"e-con-inner\">\n\t\t<div class=\"elementor-element elementor-element-a706499 e-con-full e-flex e-con e-child\" data-id=\"a706499\" data-element_type=\"container\" data-e-type=\"container\">\n\t\t\t\t<div class=\"elementor-element elementor-element-1d5408e elementor-widget elementor-widget-text-editor\" data-id=\"1d5408e\" data-element_type=\"widget\" data-e-type=\"widget\" data-widget_type=\"text-editor.default\">\n\t\t\t\t\t\t\t\t\t<p>En MOSECA desarrollamos material para construcci\u00f3n, morteros, adhesivos y recubrimientos de alto desempe\u00f1o dise\u00f1ados para las condiciones del Caribe mexicano. Combinamos innovaci\u00f3n t\u00e9cnica con conocimiento local para ofrecer soluciones confiables, durables y f\u00e1ciles de aplicar.<\/p>\t\t\t\t\t\t\t\t<\/div>\n\t\t\t\t<\/div>\n\t\t\t\t\t<\/div>\n\t\t\t\t<\/div>\n\t\t<div class=\"elementor-element elementor-element-c561c29 e-con-full e-flex e-con e-parent\" data-id=\"c561c29\" data-element_type=\"container\" data-e-type=\"container\" data-settings=\"{&quot;background_background&quot;:&quot;classic&quot;}\">\n\t\t<div class=\"elementor-element elementor-element-1183848 e-flex e-con-boxed e-con e-child\" data-id=\"1183848\" data-element_type=\"container\" data-e-type=\"container\" data-settings=\"{&quot;background_background&quot;:&quot;classic&quot;}\">\n\t\t\t\t\t<div class=\"e-con-inner\">\n\t\t<div class=\"elementor-element elementor-element-dc0222b e-grid e-con-full e-con e-child\" data-id=\"dc0222b\" data-element_type=\"container\" data-e-type=\"container\" data-settings=\"{&quot;background_background&quot;:&quot;classic&quot;}\">\n\t\t\t\t<div class=\"elementor-element elementor-element-4140f8e elementor-widget elementor-widget-text-editor\" data-id=\"4140f8e\" data-element_type=\"widget\" data-e-type=\"widget\" data-widget_type=\"text-editor.default\">\n\t\t\t\t\t\t\t\t\t<p>En <strong>MOSECA (Morteros Secos del Caribe)<\/strong> somos una empresa con s\u00f3lida trayectoria en Quintana Roo, dedicada a la fabricaci\u00f3n de morteros, adhesivos y recubrimientos de alto desempe\u00f1o para la construcci\u00f3n. Desde nuestros inicios, hemos acompa\u00f1ado el crecimiento del sureste mexicano ofreciendo productos confiables, duraderos y adaptados al clima tropical. Gracias a nuestra experiencia local, combinamos tecnolog\u00eda, innovaci\u00f3n y conocimiento del entorno para optimizar el trabajo en obra, reducir desperdicios y garantizar acabados de calidad. <strong>En MOSECA somos el experto local<\/strong> que entiende las condiciones del Caribe y brinda atenci\u00f3n inmediata, soporte t\u00e9cnico y soluciones hechas para durar.<\/p>\t\t\t\t\t\t\t\t<\/div>\n\t\t\t\t<div class=\"elementor-element elementor-element-0d35f86 elementor-widget elementor-widget-image\" data-id=\"0d35f86\" data-element_type=\"widget\" data-e-type=\"widget\" data-widget_type=\"image.default\">\n\t\t\t\t\t\t\t\t\t\t\t\t\t\t\t<img fetchpriority=\"high\" decoding=\"async\" width=\"800\" height=\"534\" src=\"https:\/\/moseca.com.mx\/wp-content\/uploads\/2026\/02\/MOSECA_PLANTA_16-1024x683.png\" class=\"attachment-large size-large wp-image-802\" alt=\"\" srcset=\"https:\/\/moseca.com.mx\/wp-content\/uploads\/2026\/02\/MOSECA_PLANTA_16-1024x683.png 1024w, https:\/\/moseca.com.mx\/wp-content\/uploads\/2026\/02\/MOSECA_PLANTA_16-600x400.png 600w, https:\/\/moseca.com.mx\/wp-content\/uploads\/2026\/02\/MOSECA_PLANTA_16-300x200.png 300w, https:\/\/moseca.com.mx\/wp-content\/uploads\/2026\/02\/MOSECA_PLANTA_16-768x512.png 768w, https:\/\/moseca.com.mx\/wp-content\/uploads\/2026\/02\/MOSECA_PLANTA_16.png 1536w\" sizes=\"(max-width: 800px) 100vw, 800px\" \/>\t\t\t\t\t\t\t\t\t\t\t\t\t\t\t<\/div>\n\t\t\t\t<\/div>\n\t\t\t\t\t<\/div>\n\t\t\t\t<\/div>\n\t\t\t\t<\/div>\n\t\t<div class=\"elementor-element elementor-element-a90e9d1 e-flex e-con-boxed e-con e-parent\" data-id=\"a90e9d1\" data-element_type=\"container\" data-e-type=\"container\" data-settings=\"{&quot;background_background&quot;:&quot;classic&quot;}\">\n\t\t\t\t\t<div class=\"e-con-inner\">\n\t\t<div class=\"elementor-element elementor-element-d402848 e-con-full e-flex e-con e-child\" data-id=\"d402848\" data-element_type=\"container\" data-e-type=\"container\">\n\t\t\t\t<div class=\"elementor-element elementor-element-338f3b1 elementor-widget elementor-widget-heading\" data-id=\"338f3b1\" data-element_type=\"widget\" data-e-type=\"widget\" data-widget_type=\"heading.default\">\n\t\t\t\t\t<h2 class=\"elementor-heading-title elementor-size-default\">Misi\u00f3n<\/h2>\t\t\t\t<\/div>\n\t\t\t\t<div class=\"elementor-element elementor-element-13a8891 elementor-widget elementor-widget-text-editor\" data-id=\"13a8891\" data-element_type=\"widget\" data-e-type=\"widget\" data-widget_type=\"text-editor.default\">\n\t\t\t\t\t\t\t\t\t<p>Fabricar y proveer soluciones para la construcci\u00f3n de alto desempe\u00f1o que optimizan la productividad en obra, adaptadas a las condiciones de nuestra regi\u00f3n y respaldadas por la calidad, confiabilidad y el servicio cercano de un experto local.<\/p>\t\t\t\t\t\t\t\t<\/div>\n\t\t\t\t<\/div>\n\t\t<div class=\"elementor-element elementor-element-f3e2f01 e-con-full e-flex e-con e-child\" data-id=\"f3e2f01\" data-element_type=\"container\" data-e-type=\"container\">\n\t\t\t\t<div class=\"elementor-element elementor-element-194a178 elementor-widget elementor-widget-heading\" data-id=\"194a178\" data-element_type=\"widget\" data-e-type=\"widget\" data-widget_type=\"heading.default\">\n\t\t\t\t\t<h2 class=\"elementor-heading-title elementor-size-default\">Visi\u00f3n<\/h2>\t\t\t\t<\/div>\n\t\t\t\t<div class=\"elementor-element elementor-element-c423005 elementor-widget elementor-widget-text-editor\" data-id=\"c423005\" data-element_type=\"widget\" data-e-type=\"widget\" data-widget_type=\"text-editor.default\">\n\t\t\t\t\t\t\t\t\t<p>Ser la marca l\u00edder y el referente de la industria en soluciones para la construcci\u00f3n, llevando la confianza, la calidad y la precisi\u00f3n de un experto local a cada regi\u00f3n y proyecto del pa\u00eds.<\/p>\t\t\t\t\t\t\t\t<\/div>\n\t\t\t\t<\/div>\n\t\t\t\t\t<\/div>\n\t\t\t\t<\/div>\n\t\t<div class=\"elementor-element elementor-element-d5313e5 e-grid e-con-boxed e-con e-parent\" data-id=\"d5313e5\" data-element_type=\"container\" data-e-type=\"container\">\n\t\t\t\t\t<div class=\"e-con-inner\">\n\t\t<div class=\"elementor-element elementor-element-478ea80 e-flex e-con-boxed e-con e-child\" data-id=\"478ea80\" data-element_type=\"container\" data-e-type=\"container\" data-settings=\"{&quot;background_background&quot;:&quot;slideshow&quot;,&quot;background_slideshow_gallery&quot;:[{&quot;id&quot;:882,&quot;url&quot;:&quot;https:\\\/\\\/moseca.com.mx\\\/wp-content\\\/uploads\\\/2026\\\/03\\\/MOSECA_PLANTA_47.jpg&quot;},{&quot;id&quot;:883,&quot;url&quot;:&quot;https:\\\/\\\/moseca.com.mx\\\/wp-content\\\/uploads\\\/2026\\\/03\\\/image1.png&quot;},{&quot;id&quot;:884,&quot;url&quot;:&quot;https:\\\/\\\/moseca.com.mx\\\/wp-content\\\/uploads\\\/2026\\\/03\\\/image4.png&quot;},{&quot;id&quot;:885,&quot;url&quot;:&quot;https:\\\/\\\/moseca.com.mx\\\/wp-content\\\/uploads\\\/2026\\\/03\\\/MOSECA_PLANTA_8.png&quot;},{&quot;id&quot;:886,&quot;url&quot;:&quot;https:\\\/\\\/moseca.com.mx\\\/wp-content\\\/uploads\\\/2026\\\/03\\\/MOSECA_PLANT_5.jpg&quot;}],&quot;background_slideshow_loop&quot;:&quot;yes&quot;,&quot;background_slideshow_slide_duration&quot;:5000,&quot;background_slideshow_slide_transition&quot;:&quot;fade&quot;,&quot;background_slideshow_transition_duration&quot;:500}\">\n\t\t\t\t\t<div class=\"e-con-inner\">\n\t\t\t\t\t<\/div>\n\t\t\t\t<\/div>\n\t\t<div class=\"elementor-element elementor-element-b9f28d9 e-con-full e-flex e-con e-child\" data-id=\"b9f28d9\" data-element_type=\"container\" data-e-type=\"container\" data-settings=\"{&quot;background_background&quot;:&quot;slideshow&quot;,&quot;background_slideshow_gallery&quot;:[{&quot;id&quot;:888,&quot;url&quot;:&quot;https:\\\/\\\/moseca.com.mx\\\/wp-content\\\/uploads\\\/2026\\\/03\\\/MOSECA_PLANTA_1-scaled.jpg&quot;},{&quot;id&quot;:889,&quot;url&quot;:&quot;https:\\\/\\\/moseca.com.mx\\\/wp-content\\\/uploads\\\/2026\\\/03\\\/MOSECA_PLANTA_2-scaled.jpg&quot;},{&quot;id&quot;:890,&quot;url&quot;:&quot;https:\\\/\\\/moseca.com.mx\\\/wp-content\\\/uploads\\\/2026\\\/03\\\/MOSECA_PLANTA_3-scaled.jpg&quot;}],&quot;background_slideshow_loop&quot;:&quot;yes&quot;,&quot;background_slideshow_slide_duration&quot;:5000,&quot;background_slideshow_slide_transition&quot;:&quot;fade&quot;,&quot;background_slideshow_transition_duration&quot;:500}\">\n\t\t\t\t<\/div>\n\t\t\t\t\t<\/div>\n\t\t\t\t<\/div>\n\t\t<div class=\"elementor-element elementor-element-6480e23 e-flex e-con-boxed e-con e-parent\" data-id=\"6480e23\" data-element_type=\"container\" data-e-type=\"container\" data-settings=\"{&quot;background_background&quot;:&quot;classic&quot;}\">\n\t\t\t\t\t<div class=\"e-con-inner\">\n\t\t<div class=\"elementor-element elementor-element-03f867e e-con-full e-grid e-con e-child\" data-id=\"03f867e\" data-element_type=\"container\" data-e-type=\"container\">\n\t\t<div class=\"elementor-element elementor-element-759c24e e-con-full e-flex e-con e-child\" data-id=\"759c24e\" data-element_type=\"container\" data-e-type=\"container\">\n\t\t\t\t<div class=\"elementor-element elementor-element-6ca0626 elementor-widget elementor-widget-heading\" data-id=\"6ca0626\" data-element_type=\"widget\" data-e-type=\"widget\" data-widget_type=\"heading.default\">\n\t\t\t\t\t<h3 class=\"elementor-heading-title elementor-size-default\">Nuestras Oficinas<\/h3>\t\t\t\t<\/div>\n\t\t\t\t<div class=\"elementor-element elementor-element-77a830d elementor-widget elementor-widget-google_maps\" data-id=\"77a830d\" data-element_type=\"widget\" data-e-type=\"widget\" data-widget_type=\"google_maps.default\">\n\t\t\t\t\t\t\t<div class=\"elementor-custom-embed\">\n\t\t\t<iframe loading=\"lazy\"\n\t\t\t\t\tsrc=\"https:\/\/maps.google.com\/maps?q=Morteros%20Secos%20del%20Caribe%2C%20Carretera%20Federal%20M%C3%A9rida%20Km%20308%2C%20Sin%20Colonia%2C%2077500%20Canc%C3%BAn%2C%20Q.R.&#038;t=m&#038;z=17&#038;output=embed&#038;iwloc=near\"\n\t\t\t\t\ttitle=\"Morteros Secos del Caribe, Carretera Federal M\u00e9rida Km 308, Sin Colonia, 77500 Canc\u00fan, Q.R.\"\n\t\t\t\t\taria-label=\"Morteros Secos del Caribe, Carretera Federal M\u00e9rida Km 308, Sin Colonia, 77500 Canc\u00fan, Q.R.\"\n\t\t\t><\/iframe>\n\t\t<\/div>\n\t\t\t\t\t\t<\/div>\n\t\t\t\t<div class=\"elementor-element elementor-element-3e522a6 elementor-widget elementor-widget-text-editor\" data-id=\"3e522a6\" data-element_type=\"widget\" data-e-type=\"widget\" data-widget_type=\"text-editor.default\">\n\t\t\t\t\t\t\t\t\t<p>Km 308.5 Carr. M\u00e9rida &#8211; Pto. Ju\u00e1rez SM 106, M-33, L-4\u2028<br \/>Col. Granjas Carabanchel\u2028<br \/>C.P. 77500<br \/><strong>Canc\u00fan, Q.R.<\/strong><\/p>\t\t\t\t\t\t\t\t<\/div>\n\t\t\t\t<\/div>\n\t\t<div class=\"elementor-element elementor-element-5fc6ab7 e-con-full e-flex e-con e-child\" data-id=\"5fc6ab7\" data-element_type=\"container\" data-e-type=\"container\">\n\t\t\t\t<div class=\"elementor-element elementor-element-4beff12 elementor-widget elementor-widget-heading\" data-id=\"4beff12\" data-element_type=\"widget\" data-e-type=\"widget\" data-widget_type=\"heading.default\">\n\t\t\t\t\t<h3 class=\"elementor-heading-title elementor-size-default\">Nuestra Planta<\/h3>\t\t\t\t<\/div>\n\t\t\t\t<div class=\"elementor-element elementor-element-036aca5 elementor-widget elementor-widget-google_maps\" data-id=\"036aca5\" data-element_type=\"widget\" data-e-type=\"widget\" data-widget_type=\"google_maps.default\">\n\t\t\t\t\t\t\t<div class=\"elementor-custom-embed\">\n\t\t\t<iframe loading=\"lazy\"\n\t\t\t\t\tsrc=\"https:\/\/maps.google.com\/maps?q=MORTEROS%20SECOS%20DEL%20CARIBE%20%28FABRICA%29%2C%2077543%20Q.R.&#038;t=m&#038;z=17&#038;output=embed&#038;iwloc=near\"\n\t\t\t\t\ttitle=\"MORTEROS SECOS DEL CARIBE (FABRICA), 77543 Q.R.\"\n\t\t\t\t\taria-label=\"MORTEROS SECOS DEL CARIBE (FABRICA), 77543 Q.R.\"\n\t\t\t><\/iframe>\n\t\t<\/div>\n\t\t\t\t\t\t<\/div>\n\t\t\t\t<div class=\"elementor-element elementor-element-6bec14d elementor-widget elementor-widget-text-editor\" data-id=\"6bec14d\" data-element_type=\"widget\" data-e-type=\"widget\" data-widget_type=\"text-editor.default\">\n\t\t\t\t\t\t\t\t\t<div class=\"YFlihe\"><div class=\"iAj9Vc\"><div class=\"vKmG2c\"><p>Carr. Costera del Golfo<br \/>77543 <br \/><strong>Leona Vicario, Q.R.<\/strong><\/p><p>\u00a0<\/p><\/div><\/div><\/div>\t\t\t\t\t\t\t\t<\/div>\n\t\t\t\t<\/div>\n\t\t\t\t<\/div>\n\t\t\t\t\t<\/div>\n\t\t\t\t<\/div>\n\t\t<div class=\"elementor-element elementor-element-458f175 e-flex e-con-boxed e-con e-parent\" data-id=\"458f175\" data-element_type=\"container\" data-e-type=\"container\">\n\t\t\t\t\t<div class=\"e-con-inner\">\n\t\t\t\t<div class=\"elementor-element elementor-element-c0b8cce elementor-tablet-align-center elementor-align-center elementor-widget elementor-widget-button\" data-id=\"c0b8cce\" data-element_type=\"widget\" data-e-type=\"widget\" data-widget_type=\"button.default\">\n\t\t\t\t\t\t\t\t\t\t<a class=\"elementor-button elementor-button-link elementor-size-sm\" href=\"#\">\n\t\t\t\t\t\t<span class=\"elementor-button-content-wrapper\">\n\t\t\t\t\t\t\t\t\t<span class=\"elementor-button-text\">Visita Nuestro Cat\u00e1logo de Productos<\/span>\n\t\t\t\t\t<\/span>\n\t\t\t\t\t<\/a>\n\t\t\t\t\t\t\t\t<\/div>\n\t\t\t\t\t<\/div>\n\t\t\t\t<\/div>\n\t\t\t\t<\/div>\n\t\t","protected":false},"excerpt":{"rendered":"<p>En MOSECA desarrollamos material para construcci\u00f3n, morteros, adhesivos y recubrimientos de alto desempe\u00f1o dise\u00f1ados para las condiciones del Caribe mexicano. Combinamos innovaci\u00f3n t\u00e9cnica con conocimiento local para ofrecer soluciones confiables, durables y f\u00e1ciles de aplicar. En MOSECA (Morteros Secos del Caribe) somos una empresa con s\u00f3lida trayectoria en Quintana Roo, dedicada a la fabricaci\u00f3n de [&hellip;]<\/p>\n","protected":false},"author":2,"featured_media":0,"parent":0,"menu_order":0,"comment_status":"closed","ping_status":"closed","template":"","meta":{"_acf_changed":false,"footnotes":""},"class_list":["post-268","page","type-page","status-publish","hentry"],"acf":[],"yoast_head":"<!-- This site is optimized with the Yoast SEO plugin v27.0 - https:\/\/yoast.com\/product\/yoast-seo-wordpress\/ -->\n<title>Qui\u00e9nes somos | Morteros Secos del Caribe<\/title>\n<meta name=\"description\" content=\"Conoce a Moseca, tu experto local en material y soluciones para construcci\u00f3n. Descubre nuestra misi\u00f3n y compromiso con la calidad y productividad de tu obra.\" \/>\n<meta name=\"robots\" content=\"index, follow, max-snippet:-1, max-image-preview:large, max-video-preview:-1\" \/>\n<link rel=\"canonical\" href=\"https:\/\/moseca.com.mx\/index.php\/quienes-somos\/\" \/>\n<meta property=\"og:locale\" content=\"es_MX\" \/>\n<meta property=\"og:type\" content=\"article\" \/>\n<meta property=\"og:title\" content=\"Qui\u00e9nes Somos - Morteros Secos del Caribe\" \/>\n<meta property=\"og:description\" content=\"Conoce a Moseca, tu experto local en materiales y soluciones para construcci\u00f3n. Descubre nuestra misi\u00f3n y compromiso con la calidad y productividad de tu obra.\" \/>\n<meta property=\"og:url\" content=\"https:\/\/moseca.com.mx\/index.php\/quienes-somos\/\" \/>\n<meta property=\"og:site_name\" content=\"Morteros Secos del Caribe\" \/>\n<meta property=\"article:modified_time\" content=\"2026-03-05T06:12:37+00:00\" \/>\n<meta property=\"og:image\" content=\"https:\/\/moseca.com.mx\/wp-content\/uploads\/2026\/02\/MOSECA_PLANTA_16-1024x683.png\" \/>\n\t<meta property=\"og:image:width\" content=\"1024\" \/>\n\t<meta property=\"og:image:height\" content=\"683\" \/>\n\t<meta property=\"og:image:type\" content=\"image\/png\" \/>\n<meta name=\"twitter:card\" content=\"summary_large_image\" \/>\n<meta name=\"twitter:label1\" content=\"Tiempo de lectura\" \/>\n\t<meta name=\"twitter:data1\" content=\"2 minutos\" \/>\n<script type=\"application\/ld+json\" class=\"yoast-schema-graph\">{\"@context\":\"https:\/\/schema.org\",\"@graph\":[{\"@type\":\"WebPage\",\"@id\":\"https:\/\/moseca.com.mx\/index.php\/quienes-somos\/\",\"url\":\"https:\/\/moseca.com.mx\/index.php\/quienes-somos\/\",\"name\":\"Qui\u00e9nes somos | Morteros Secos del Caribe\",\"isPartOf\":{\"@id\":\"https:\/\/moseca.com.mx\/#website\"},\"primaryImageOfPage\":{\"@id\":\"https:\/\/moseca.com.mx\/index.php\/quienes-somos\/#primaryimage\"},\"image\":{\"@id\":\"https:\/\/moseca.com.mx\/index.php\/quienes-somos\/#primaryimage\"},\"thumbnailUrl\":\"https:\/\/moseca.com.mx\/wp-content\/uploads\/2026\/02\/MOSECA_PLANTA_16-1024x683.png\",\"datePublished\":\"2025-11-03T16:28:27+00:00\",\"dateModified\":\"2026-03-05T06:12:37+00:00\",\"description\":\"Conoce a Moseca, tu experto local en material y soluciones para construcci\u00f3n. Descubre nuestra misi\u00f3n y compromiso con la calidad y productividad de tu obra.\",\"breadcrumb\":{\"@id\":\"https:\/\/moseca.com.mx\/index.php\/quienes-somos\/#breadcrumb\"},\"inLanguage\":\"es\",\"potentialAction\":[{\"@type\":\"ReadAction\",\"target\":[\"https:\/\/moseca.com.mx\/index.php\/quienes-somos\/\"]}]},{\"@type\":\"ImageObject\",\"inLanguage\":\"es\",\"@id\":\"https:\/\/moseca.com.mx\/index.php\/quienes-somos\/#primaryimage\",\"url\":\"https:\/\/moseca.com.mx\/wp-content\/uploads\/2026\/02\/MOSECA_PLANTA_16.png\",\"contentUrl\":\"https:\/\/moseca.com.mx\/wp-content\/uploads\/2026\/02\/MOSECA_PLANTA_16.png\",\"width\":1536,\"height\":1024},{\"@type\":\"BreadcrumbList\",\"@id\":\"https:\/\/moseca.com.mx\/index.php\/quienes-somos\/#breadcrumb\",\"itemListElement\":[{\"@type\":\"ListItem\",\"position\":1,\"name\":\"Portada\",\"item\":\"https:\/\/moseca.com.mx\/\"},{\"@type\":\"ListItem\",\"position\":2,\"name\":\"Qui\u00e9nes Somos\"}]},{\"@type\":\"WebSite\",\"@id\":\"https:\/\/moseca.com.mx\/#website\",\"url\":\"https:\/\/moseca.com.mx\/\",\"name\":\"Morteros Secos del Caribe\",\"description\":\"\",\"publisher\":{\"@id\":\"https:\/\/moseca.com.mx\/#organization\"},\"potentialAction\":[{\"@type\":\"SearchAction\",\"target\":{\"@type\":\"EntryPoint\",\"urlTemplate\":\"https:\/\/moseca.com.mx\/?s={search_term_string}\"},\"query-input\":{\"@type\":\"PropertyValueSpecification\",\"valueRequired\":true,\"valueName\":\"search_term_string\"}}],\"inLanguage\":\"es\"},{\"@type\":\"Organization\",\"@id\":\"https:\/\/moseca.com.mx\/#organization\",\"name\":\"Morteros Secos del Caribe\",\"url\":\"https:\/\/moseca.com.mx\/\",\"logo\":{\"@type\":\"ImageObject\",\"inLanguage\":\"es\",\"@id\":\"https:\/\/moseca.com.mx\/#\/schema\/logo\/image\/\",\"url\":\"https:\/\/moseca.com.mx\/wp-content\/uploads\/2025\/08\/Logo-Moseca_Header.png\",\"contentUrl\":\"https:\/\/moseca.com.mx\/wp-content\/uploads\/2025\/08\/Logo-Moseca_Header.png\",\"width\":326,\"height\":221,\"caption\":\"Morteros Secos del Caribe\"},\"image\":{\"@id\":\"https:\/\/moseca.com.mx\/#\/schema\/logo\/image\/\"}}]}<\/script>\n<!-- \/ Yoast SEO plugin. -->","yoast_head_json":{"title":"Qui\u00e9nes somos | Morteros Secos del Caribe","description":"Conoce a Moseca, tu experto local en material y soluciones para construcci\u00f3n. Descubre nuestra misi\u00f3n y compromiso con la calidad y productividad de tu obra.","robots":{"index":"index","follow":"follow","max-snippet":"max-snippet:-1","max-image-preview":"max-image-preview:large","max-video-preview":"max-video-preview:-1"},"canonical":"https:\/\/moseca.com.mx\/index.php\/quienes-somos\/","og_locale":"es_MX","og_type":"article","og_title":"Qui\u00e9nes Somos - Morteros Secos del Caribe","og_description":"Conoce a Moseca, tu experto local en materiales y soluciones para construcci\u00f3n. Descubre nuestra misi\u00f3n y compromiso con la calidad y productividad de tu obra.","og_url":"https:\/\/moseca.com.mx\/index.php\/quienes-somos\/","og_site_name":"Morteros Secos del Caribe","article_modified_time":"2026-03-05T06:12:37+00:00","og_image":[{"width":1024,"height":683,"url":"https:\/\/moseca.com.mx\/wp-content\/uploads\/2026\/02\/MOSECA_PLANTA_16-1024x683.png","type":"image\/png"}],"twitter_card":"summary_large_image","twitter_misc":{"Tiempo de lectura":"2 minutos"},"schema":{"@context":"https:\/\/schema.org","@graph":[{"@type":"WebPage","@id":"https:\/\/moseca.com.mx\/index.php\/quienes-somos\/","url":"https:\/\/moseca.com.mx\/index.php\/quienes-somos\/","name":"Qui\u00e9nes somos | Morteros Secos del Caribe","isPartOf":{"@id":"https:\/\/moseca.com.mx\/#website"},"primaryImageOfPage":{"@id":"https:\/\/moseca.com.mx\/index.php\/quienes-somos\/#primaryimage"},"image":{"@id":"https:\/\/moseca.com.mx\/index.php\/quienes-somos\/#primaryimage"},"thumbnailUrl":"https:\/\/moseca.com.mx\/wp-content\/uploads\/2026\/02\/MOSECA_PLANTA_16-1024x683.png","datePublished":"2025-11-03T16:28:27+00:00","dateModified":"2026-03-05T06:12:37+00:00","description":"Conoce a Moseca, tu experto local en material y soluciones para construcci\u00f3n. Descubre nuestra misi\u00f3n y compromiso con la calidad y productividad de tu obra.","breadcrumb":{"@id":"https:\/\/moseca.com.mx\/index.php\/quienes-somos\/#breadcrumb"},"inLanguage":"es","potentialAction":[{"@type":"ReadAction","target":["https:\/\/moseca.com.mx\/index.php\/quienes-somos\/"]}]},{"@type":"ImageObject","inLanguage":"es","@id":"https:\/\/moseca.com.mx\/index.php\/quienes-somos\/#primaryimage","url":"https:\/\/moseca.com.mx\/wp-content\/uploads\/2026\/02\/MOSECA_PLANTA_16.png","contentUrl":"https:\/\/moseca.com.mx\/wp-content\/uploads\/2026\/02\/MOSECA_PLANTA_16.png","width":1536,"height":1024},{"@type":"BreadcrumbList","@id":"https:\/\/moseca.com.mx\/index.php\/quienes-somos\/#breadcrumb","itemListElement":[{"@type":"ListItem","position":1,"name":"Portada","item":"https:\/\/moseca.com.mx\/"},{"@type":"ListItem","position":2,"name":"Qui\u00e9nes Somos"}]},{"@type":"WebSite","@id":"https:\/\/moseca.com.mx\/#website","url":"https:\/\/moseca.com.mx\/","name":"Morteros Secos del Caribe","description":"","publisher":{"@id":"https:\/\/moseca.com.mx\/#organization"},"potentialAction":[{"@type":"SearchAction","target":{"@type":"EntryPoint","urlTemplate":"https:\/\/moseca.com.mx\/?s={search_term_string}"},"query-input":{"@type":"PropertyValueSpecification","valueRequired":true,"valueName":"search_term_string"}}],"inLanguage":"es"},{"@type":"Organization","@id":"https:\/\/moseca.com.mx\/#organization","name":"Morteros Secos del Caribe","url":"https:\/\/moseca.com.mx\/","logo":{"@type":"ImageObject","inLanguage":"es","@id":"https:\/\/moseca.com.mx\/#\/schema\/logo\/image\/","url":"https:\/\/moseca.com.mx\/wp-content\/uploads\/2025\/08\/Logo-Moseca_Header.png","contentUrl":"https:\/\/moseca.com.mx\/wp-content\/uploads\/2025\/08\/Logo-Moseca_Header.png","width":326,"height":221,"caption":"Morteros Secos del Caribe"},"image":{"@id":"https:\/\/moseca.com.mx\/#\/schema\/logo\/image\/"}}]}},"_links":{"self":[{"href":"https:\/\/moseca.com.mx\/index.php\/wp-json\/wp\/v2\/pages\/268","targetHints":{"allow":["GET"]}}],"collection":[{"href":"https:\/\/moseca.com.mx\/index.php\/wp-json\/wp\/v2\/pages"}],"about":[{"href":"https:\/\/moseca.com.mx\/index.php\/wp-json\/wp\/v2\/types\/page"}],"author":[{"embeddable":true,"href":"https:\/\/moseca.com.mx\/index.php\/wp-json\/wp\/v2\/users\/2"}],"replies":[{"embeddable":true,"href":"https:\/\/moseca.com.mx\/index.php\/wp-json\/wp\/v2\/comments?post=268"}],"version-history":[{"count":106,"href":"https:\/\/moseca.com.mx\/index.php\/wp-json\/wp\/v2\/pages\/268\/revisions"}],"predecessor-version":[{"id":1001,"href":"https:\/\/moseca.com.mx\/index.php\/wp-json\/wp\/v2\/pages\/268\/revisions\/1001"}],"wp:attachment":[{"href":"https:\/\/moseca.com.mx\/index.php\/wp-json\/wp\/v2\/media?parent=268"}],"curies":[{"name":"wp","href":"https:\/\/api.w.org\/{rel}","templated":true}]}}