{"id":702,"date":"2025-12-11T15:44:43","date_gmt":"2025-12-11T15:44:43","guid":{"rendered":"https:\/\/moseca.com.mx\/?page_id=702"},"modified":"2025-12-11T15:45:25","modified_gmt":"2025-12-11T15:45:25","slug":"donde-comprar","status":"publish","type":"page","link":"https:\/\/moseca.com.mx\/index.php\/donde-comprar\/","title":{"rendered":"D\u00f3nde Comprar"},"content":{"rendered":"\t\t<div data-elementor-type=\"wp-page\" data-elementor-id=\"702\" class=\"elementor elementor-702\" data-elementor-post-type=\"page\">\n\t\t\t\t<div class=\"elementor-element elementor-element-e0dc216 e-flex e-con-boxed e-con e-parent\" data-id=\"e0dc216\" data-element_type=\"container\" data-e-type=\"container\">\n\t\t\t\t\t<div class=\"e-con-inner\">\n\t\t\t\t<div class=\"elementor-element elementor-element-30a1b53 elementor-widget elementor-widget-heading\" data-id=\"30a1b53\" data-element_type=\"widget\" data-e-type=\"widget\" data-widget_type=\"heading.default\">\n\t\t\t\t\t<h2 class=\"elementor-heading-title elementor-size-default\">D\u00f3nde Comprar Moseca<\/h2>\t\t\t\t<\/div>\n\t\t\t\t\t<\/div>\n\t\t\t\t<\/div>\n\t\t<div class=\"elementor-element elementor-element-2d3e80b e-flex e-con-boxed e-con e-parent\" data-id=\"2d3e80b\" data-element_type=\"container\" data-e-type=\"container\">\n\t\t\t\t\t<div class=\"e-con-inner\">\n\t\t\t\t<div class=\"elementor-element elementor-element-323094a elementor-widget elementor-widget-agile-store-locator-addon\" data-id=\"323094a\" data-element_type=\"widget\" data-e-type=\"widget\" data-widget_type=\"agile-store-locator-addon.default\">\n\t\t\t\t<div class=\"elementor-widget-container\">\n\t\t\t\t\t<div class=\"elementor-shortcode asl-free-addon\"><style type=\"text\/css\">\nbody #asl-storelocator.asl-cont.asl-template-0 {--sl-title-size: 16px;--sl-font-size: 13px;--sl-btn-size: 14px;--sl-label-size: 16px;--sl-input-size: 16px;--sl-primary: #0621df;--sl-header: #F7F7F7;--sl-header-color: #32373c;--sl-infobox-color: #555d66;--sl-infobox-bg: #FFFFFF;--sl-infobox-a: #0621df;--sl-search-text: #0621df;--sl-search-btn-color: #FFFFFF;--sl-search-btn-bg: #0621df;--sl-action-btn-color: #FFFFFF;--sl-action-btn-bg: #0621df;--sl-color: #555d66;--sl-list-bg: #FFFFFF;--sl-list-title: #32373c;--sl-list-sub-title: #6a6a6a;--sl-highlighted: #F7F7F7;}.asl-cont .onoffswitch .onoffswitch-label .onoffswitch-switch:before {\n    content: \"OPEN\" !important;\n}\n\n.asl-cont .onoffswitch .onoffswitch-label .onoffswitch-switch:after {\n    content: \"Todos\" !important;\n}\n\n@media (max-width: 767px) {\n    #asl-storelocator.asl-cont .asl-panel {\n        order: 0;\n    }\n}\n\n.asl-cont.sl-search-only .Filter_section+.sl-row {\n    display: none;\n}\n<\/style>\n<div id=\"asl-storelocator\"\n    class=\"storelocator-main asl-cont asl-template-0 asl-layout-0 asl-bg-0 full-width no-asl-filters full-height asl-text-1\">\n    <div class=\"asl-wrapper\">\n        <div class=\"sl-container-fluid\">\n\n                        <div class=\"sl-row\">\n                <div class=\"pol-12\">\n                    <div class=\"sl-main-cont\">\n                        <div class=\"sl-row no-gutters sl-main-row\">\n                            <div id=\"asl-panel\" class=\"asl-panel pol-md-5 pol-lg-4 asl_locator-panel\">\n                                <div class=\"asl-overlay\" id=\"map-loading\">\n                                    <div class=\"white\"><\/div>\n                                    <div class=\"sl-loading\">\n                                        <i class=\"animate-sl-spin icon-spin3\"><\/i>\n                                        Cargando...                                    <\/div>\n                                <\/div>\n                                <div class=\"inside search_filter\">\n                                    <label for=\"auto-complete-search\"\n                                        class=\"mb-2\">Buscar Ubicaci\u00f3n<\/label>\n                                    <div class=\"asl-store-search input-group d-flex\">\n                                        <input type=\"text\" value=\"\" id=\"auto-complete-search\"\n                                            class=\"asl-search-address form-control\"\n                                            placeholder=\"Escriba una Ubicaci\u00f3n\">\n                                        <div class=\"input-group-append\">\n                                            <button aria-label=\"Buscar Ubicaci\u00f3n\"\n                                                title=\"Buscar Ubicaci\u00f3n\" type=\"button\" class=\"asl-search-event input-group-text span-geo\">\n                                                <i class=\"icon-search\" aria-hidden=\"true\"><\/i>\n                                            <\/button>\n                                        <\/div>\n                                    <\/div>\n                                <\/div>\n                                <!-- list -->\n                                <div class=\"asl-panel-inner\">\n                                    <div class=\"top-title Num_of_store\">\n                                        <span><span\n                                                class=\"sl-head-title\">N\u00famero de Distribuidores<\/span>:\n                                            <span class=\"count-result\">0<\/span><\/span>\n                                                                                <a class=\"asl-print-btn\"><span>IMPRIMIR<\/span><span\n                                                class=\"asl-print\"><\/span><\/a>\n                                                                            <\/div>\n                                    <div class=\"sl-main-cont-box\">\n                                        <div id=\"asl-list\" class=\"sl-list-wrapper\">\n                                            <ul id=\"p-statelist\" class=\"sl-list\">\n                                            <\/ul>\n                                        <\/div>\n                                    <\/div>\n                                <\/div>\n\n                                <div class=\"directions-cont hide\">\n                                    <div class=\"agile-modal-header\">\n                                        <button type=\"button\" class=\"close\"><span aria-hidden=\"true\">\u00d7<\/span><\/button>\n                                        <h4>Direcci\u00f3n de la Tienda<\/h4>\n                                    <\/div>\n                                    <div class=\"rendered-directions\" id=\"asl-rendered-dir\" style=\"direction: ltr;\">\n                                    <\/div>\n                                <\/div>\n                            <\/div>\n                            <div class=\"pol-md-7 pol-lg-8 asl-map\">\n                                <div class=\"map-image\">\n                                    <div id=\"asl-map-canv\" class=\"asl-map-canv\"><\/div>\n                                    <div id=\"agile-modal-direction\" class=\"agile-modal fade\">\n    <div class=\"agile-modal-backdrop-in\"><\/div>\n    <div class=\"agile-modal-dialog in\">\n        <div class=\"agile-modal-content\">\n            <div class=\"sl-form-group d-flex justify-content-between\">\n                <h4>OBTENER DIRECCI\u00d3N<\/h4>\n                <button type=\"button\" class=\"close-directions sl-close\" data-dismiss=\"agile-modal\"\n                    aria-label=\"Cerrar\"><i aria-hidden=\"true\" class=\"icon-cancel-1\"><\/i><\/button>\n            <\/div>\n            <div class=\"sl-form-group\">\n                <label for=\"frm-lbl\">Desde:<\/label>\n                <input type=\"text\" class=\"form-control frm-place\" id=\"frm-lbl\"\n                    placeholder=\"Escriba una Ubicaci\u00f3n\">\n            <\/div>\n            <div class=\"sl-form-group\">\n                <label for=\"to-lbl\">Hacia:<\/label>\n                <input readonly=\"true\" type=\"text\" class=\"directions-to form-control\" id=\"to-lbl\"\n                    placeholder=\"Prepopulated Destination Address\">\n            <\/div>\n            <div class=\"sl-form-group mb-0\">\n                <label for=\"rbtn-km\" class=\"checkbox-inline\">\n                    <input type=\"radio\" name=\"dist-type\" id=\"rbtn-km\" value=\"0\"> Km                <\/label>\n                <label for=\"rbtn-mile\" class=\"checkbox-inline\">\n                    <input type=\"radio\" name=\"dist-type\" checked id=\"rbtn-mile\" value=\"1\">\n                    Millas                <\/label>\n            <\/div>\n            <div class=\"sl-form-group mb-0\">\n                <button type=\"submit\" aria-label=\"OBTENER DIRECCI\u00d3N\"\n                    class=\"btn btn-default btn-submit\">OBTENER DIRECCI\u00d3N<\/button>\n            <\/div>\n        <\/div>\n    <\/div>\n<\/div>\n\n<div id=\"asl-geolocation-agile-modal\" class=\"agile-modal fade\">\n    <div class=\"agile-modal-backdrop-in\"><\/div>\n    <div class=\"agile-modal-dialog in\">\n        <div class=\"agile-modal-content\">\n                          <div class=\"sl-form-group sl-icon-group\">\n              <button type=\"button\" class=\"close-directions sl-close\" data-dismiss=\"agile-modal\"\n                    aria-label=\"Cerrar\"><i aria-hidden=\"true\" class=\"icon-cancel-1\"><\/i><\/button>\n                <div class=\"sl-loct-icon\">\n                    <svg xmlns=\"http:\/\/www.w3.org\/2000\/svg\" width=\"28\" height=\"28\" viewBox=\"0 0 24 24\" fill=\"none\"\n                        stroke=\"currentColor\" stroke-width=\"2\" stroke-linecap=\"round\" stroke-linejoin=\"round\">\n                        <path\n                            d=\"M20 10c0 4.993-5.539 10.193-7.399 11.799a1 1 0 0 1-1.202 0C9.539 20.193 4 14.993 4 10a8 8 0 0 1 16 0\">\n                        <\/path>\n                        <circle cx=\"12\" cy=\"10\" r=\"3\"><\/circle>\n                    <\/svg>\n                <\/div>\n                <h2>Find Nearby Service Providers<\/h2>\n                <p>Use my location to find the closest Service Provider near me<\/p>\n            <\/div>\n            <div class=\"sl-form-group text-center mb-0\">\n                <button type=\"button\" id=\"asl-btn-geolocation\"\n                    class=\"btn btn-block btn-default\">USE LOCATION<\/button>\n            <\/div>\n                    <\/div>\n    <\/div>\n<\/div>\n\n<div id=\"asl-desc-agile-modal\" class=\"agile-modal fade\">\n    <div class=\"agile-modal-backdrop-in\"><\/div>\n    <div class=\"agile-modal-dialog in\">\n        <div class=\"agile-modal-content\">\n            <div class=\"sl-row\">\n                <div class=\"pol-md-12\">\n                    <div class=\"sl-form-group d-flex justify-content-between\">\n                        <h4 class=\"sl-title\">View Description<\/h4>\n                        <button type=\"button\" class=\"close-directions sl-close\" data-dismiss=\"agile-modal\"\n                            aria-label=\"Close\"><i aria-hidden=\"true\" class=\"icon-cancel-1\"><\/i><\/button>\n                    <\/div>\n                    <div class=\"sl-desc\"><\/div>\n                <\/div>\n            <\/div>\n        <\/div>\n    <\/div>\n<\/div>                                <\/div>\n                            <\/div>\n                        <\/div>\n                    <\/div>\n                <\/div>\n            <\/div>\n        <\/div>\n    <\/div>\n<\/div>\n<!-- This plugin is developed by \"Agile Store Locator for WordPress\" https:\/\/agilestorelocator.com --><\/div>\t\t\t\t<\/div>\n\t\t\t\t<\/div>\n\t\t\t\t\t<\/div>\n\t\t\t\t<\/div>\n\t\t<div class=\"elementor-element elementor-element-048f0f6 e-flex e-con-boxed e-con e-parent\" data-id=\"048f0f6\" data-element_type=\"container\" data-e-type=\"container\">\n\t\t\t\t\t<div class=\"e-con-inner\">\n\t\t\t\t<div class=\"elementor-element elementor-element-e9e30c7 elementor-widget elementor-widget-heading\" data-id=\"e9e30c7\" data-element_type=\"widget\" data-e-type=\"widget\" data-widget_type=\"heading.default\">\n\t\t\t\t\t<h4 class=\"elementor-heading-title elementor-size-default\">\u00bfQuieres ser distribuidor? \u00a1Env\u00edanos un Correo para m\u00e1s informaci\u00f3n!<\/h4>\t\t\t\t<\/div>\n\t\t\t\t<div class=\"elementor-element elementor-element-5a797f9 elementor-align-center elementor-widget elementor-widget-button\" data-id=\"5a797f9\" data-element_type=\"widget\" data-e-type=\"widget\" data-widget_type=\"button.default\">\n\t\t\t\t\t\t\t\t\t\t<a class=\"elementor-button elementor-button-link elementor-size-sm\" href=\"#\">\n\t\t\t\t\t\t<span class=\"elementor-button-content-wrapper\">\n\t\t\t\t\t\t\t\t\t<span class=\"elementor-button-text\">Enviar Correo<\/span>\n\t\t\t\t\t<\/span>\n\t\t\t\t\t<\/a>\n\t\t\t\t\t\t\t\t<\/div>\n\t\t\t\t\t<\/div>\n\t\t\t\t<\/div>\n\t\t\t\t<\/div>\n\t\t","protected":false},"excerpt":{"rendered":"<p>D\u00f3nde Comprar Moseca \u00bfQuieres ser distribuidor? \u00a1Env\u00edanos un Correo para m\u00e1s informaci\u00f3n! Enviar Correo<\/p>\n","protected":false},"author":2,"featured_media":0,"parent":0,"menu_order":0,"comment_status":"closed","ping_status":"closed","template":"","meta":{"_acf_changed":false,"footnotes":""},"class_list":["post-702","page","type-page","status-publish","hentry"],"acf":[],"yoast_head":"<!-- This site is optimized with the Yoast SEO plugin v27.0 - https:\/\/yoast.com\/product\/yoast-seo-wordpress\/ -->\n<title>D\u00f3nde Comprar - Morteros Secos del Caribe<\/title>\n<meta name=\"robots\" content=\"index, follow, max-snippet:-1, max-image-preview:large, max-video-preview:-1\" \/>\n<link rel=\"canonical\" href=\"https:\/\/moseca.com.mx\/index.php\/donde-comprar\/\" \/>\n<meta property=\"og:locale\" content=\"es_MX\" \/>\n<meta property=\"og:type\" content=\"article\" \/>\n<meta property=\"og:title\" content=\"D\u00f3nde Comprar - Morteros Secos del Caribe\" \/>\n<meta property=\"og:description\" content=\"D\u00f3nde Comprar Moseca \u00bfQuieres ser distribuidor? \u00a1Env\u00edanos un Correo para m\u00e1s informaci\u00f3n! Enviar Correo\" \/>\n<meta property=\"og:url\" content=\"https:\/\/moseca.com.mx\/index.php\/donde-comprar\/\" \/>\n<meta property=\"og:site_name\" content=\"Morteros Secos del Caribe\" \/>\n<meta property=\"article:modified_time\" content=\"2025-12-11T15:45:25+00:00\" \/>\n<meta name=\"twitter:card\" content=\"summary_large_image\" \/>\n<script type=\"application\/ld+json\" class=\"yoast-schema-graph\">{\"@context\":\"https:\/\/schema.org\",\"@graph\":[{\"@type\":\"WebPage\",\"@id\":\"https:\/\/moseca.com.mx\/index.php\/donde-comprar\/\",\"url\":\"https:\/\/moseca.com.mx\/index.php\/donde-comprar\/\",\"name\":\"D\u00f3nde Comprar - Morteros Secos del Caribe\",\"isPartOf\":{\"@id\":\"https:\/\/moseca.com.mx\/#website\"},\"datePublished\":\"2025-12-11T15:44:43+00:00\",\"dateModified\":\"2025-12-11T15:45:25+00:00\",\"breadcrumb\":{\"@id\":\"https:\/\/moseca.com.mx\/index.php\/donde-comprar\/#breadcrumb\"},\"inLanguage\":\"es\",\"potentialAction\":[{\"@type\":\"ReadAction\",\"target\":[\"https:\/\/moseca.com.mx\/index.php\/donde-comprar\/\"]}]},{\"@type\":\"BreadcrumbList\",\"@id\":\"https:\/\/moseca.com.mx\/index.php\/donde-comprar\/#breadcrumb\",\"itemListElement\":[{\"@type\":\"ListItem\",\"position\":1,\"name\":\"Portada\",\"item\":\"https:\/\/moseca.com.mx\/\"},{\"@type\":\"ListItem\",\"position\":2,\"name\":\"D\u00f3nde Comprar\"}]},{\"@type\":\"WebSite\",\"@id\":\"https:\/\/moseca.com.mx\/#website\",\"url\":\"https:\/\/moseca.com.mx\/\",\"name\":\"Morteros Secos del Caribe\",\"description\":\"\",\"publisher\":{\"@id\":\"https:\/\/moseca.com.mx\/#organization\"},\"potentialAction\":[{\"@type\":\"SearchAction\",\"target\":{\"@type\":\"EntryPoint\",\"urlTemplate\":\"https:\/\/moseca.com.mx\/?s={search_term_string}\"},\"query-input\":{\"@type\":\"PropertyValueSpecification\",\"valueRequired\":true,\"valueName\":\"search_term_string\"}}],\"inLanguage\":\"es\"},{\"@type\":\"Organization\",\"@id\":\"https:\/\/moseca.com.mx\/#organization\",\"name\":\"Morteros Secos del Caribe\",\"url\":\"https:\/\/moseca.com.mx\/\",\"logo\":{\"@type\":\"ImageObject\",\"inLanguage\":\"es\",\"@id\":\"https:\/\/moseca.com.mx\/#\/schema\/logo\/image\/\",\"url\":\"https:\/\/moseca.com.mx\/wp-content\/uploads\/2025\/08\/Logo-Moseca_Header.png\",\"contentUrl\":\"https:\/\/moseca.com.mx\/wp-content\/uploads\/2025\/08\/Logo-Moseca_Header.png\",\"width\":326,\"height\":221,\"caption\":\"Morteros Secos del Caribe\"},\"image\":{\"@id\":\"https:\/\/moseca.com.mx\/#\/schema\/logo\/image\/\"}}]}<\/script>\n<!-- \/ Yoast SEO plugin. -->","yoast_head_json":{"title":"D\u00f3nde Comprar - Morteros Secos del Caribe","robots":{"index":"index","follow":"follow","max-snippet":"max-snippet:-1","max-image-preview":"max-image-preview:large","max-video-preview":"max-video-preview:-1"},"canonical":"https:\/\/moseca.com.mx\/index.php\/donde-comprar\/","og_locale":"es_MX","og_type":"article","og_title":"D\u00f3nde Comprar - Morteros Secos del Caribe","og_description":"D\u00f3nde Comprar Moseca \u00bfQuieres ser distribuidor? \u00a1Env\u00edanos un Correo para m\u00e1s informaci\u00f3n! Enviar Correo","og_url":"https:\/\/moseca.com.mx\/index.php\/donde-comprar\/","og_site_name":"Morteros Secos del Caribe","article_modified_time":"2025-12-11T15:45:25+00:00","twitter_card":"summary_large_image","schema":{"@context":"https:\/\/schema.org","@graph":[{"@type":"WebPage","@id":"https:\/\/moseca.com.mx\/index.php\/donde-comprar\/","url":"https:\/\/moseca.com.mx\/index.php\/donde-comprar\/","name":"D\u00f3nde Comprar - Morteros Secos del Caribe","isPartOf":{"@id":"https:\/\/moseca.com.mx\/#website"},"datePublished":"2025-12-11T15:44:43+00:00","dateModified":"2025-12-11T15:45:25+00:00","breadcrumb":{"@id":"https:\/\/moseca.com.mx\/index.php\/donde-comprar\/#breadcrumb"},"inLanguage":"es","potentialAction":[{"@type":"ReadAction","target":["https:\/\/moseca.com.mx\/index.php\/donde-comprar\/"]}]},{"@type":"BreadcrumbList","@id":"https:\/\/moseca.com.mx\/index.php\/donde-comprar\/#breadcrumb","itemListElement":[{"@type":"ListItem","position":1,"name":"Portada","item":"https:\/\/moseca.com.mx\/"},{"@type":"ListItem","position":2,"name":"D\u00f3nde Comprar"}]},{"@type":"WebSite","@id":"https:\/\/moseca.com.mx\/#website","url":"https:\/\/moseca.com.mx\/","name":"Morteros Secos del Caribe","description":"","publisher":{"@id":"https:\/\/moseca.com.mx\/#organization"},"potentialAction":[{"@type":"SearchAction","target":{"@type":"EntryPoint","urlTemplate":"https:\/\/moseca.com.mx\/?s={search_term_string}"},"query-input":{"@type":"PropertyValueSpecification","valueRequired":true,"valueName":"search_term_string"}}],"inLanguage":"es"},{"@type":"Organization","@id":"https:\/\/moseca.com.mx\/#organization","name":"Morteros Secos del Caribe","url":"https:\/\/moseca.com.mx\/","logo":{"@type":"ImageObject","inLanguage":"es","@id":"https:\/\/moseca.com.mx\/#\/schema\/logo\/image\/","url":"https:\/\/moseca.com.mx\/wp-content\/uploads\/2025\/08\/Logo-Moseca_Header.png","contentUrl":"https:\/\/moseca.com.mx\/wp-content\/uploads\/2025\/08\/Logo-Moseca_Header.png","width":326,"height":221,"caption":"Morteros Secos del Caribe"},"image":{"@id":"https:\/\/moseca.com.mx\/#\/schema\/logo\/image\/"}}]}},"_links":{"self":[{"href":"https:\/\/moseca.com.mx\/index.php\/wp-json\/wp\/v2\/pages\/702","targetHints":{"allow":["GET"]}}],"collection":[{"href":"https:\/\/moseca.com.mx\/index.php\/wp-json\/wp\/v2\/pages"}],"about":[{"href":"https:\/\/moseca.com.mx\/index.php\/wp-json\/wp\/v2\/types\/page"}],"author":[{"embeddable":true,"href":"https:\/\/moseca.com.mx\/index.php\/wp-json\/wp\/v2\/users\/2"}],"replies":[{"embeddable":true,"href":"https:\/\/moseca.com.mx\/index.php\/wp-json\/wp\/v2\/comments?post=702"}],"version-history":[{"count":7,"href":"https:\/\/moseca.com.mx\/index.php\/wp-json\/wp\/v2\/pages\/702\/revisions"}],"predecessor-version":[{"id":709,"href":"https:\/\/moseca.com.mx\/index.php\/wp-json\/wp\/v2\/pages\/702\/revisions\/709"}],"wp:attachment":[{"href":"https:\/\/moseca.com.mx\/index.php\/wp-json\/wp\/v2\/media?parent=702"}],"curies":[{"name":"wp","href":"https:\/\/api.w.org\/{rel}","templated":true}]}}