{"id":710,"date":"2025-12-11T15:47:06","date_gmt":"2025-12-11T15:47:06","guid":{"rendered":"https:\/\/moseca.com.mx\/?page_id=710"},"modified":"2026-03-05T06:07:24","modified_gmt":"2026-03-05T06:07:24","slug":"contactanos","status":"publish","type":"page","link":"https:\/\/moseca.com.mx\/index.php\/contactanos\/","title":{"rendered":"Cont\u00e1ctanos"},"content":{"rendered":"\t\t<div data-elementor-type=\"wp-page\" data-elementor-id=\"710\" class=\"elementor elementor-710\" data-elementor-post-type=\"page\">\n\t\t\t\t<div class=\"elementor-element elementor-element-38db0ef e-flex e-con-boxed e-con e-parent\" data-id=\"38db0ef\" data-element_type=\"container\" data-e-type=\"container\">\n\t\t\t\t\t<div class=\"e-con-inner\">\n\t\t\t\t<div class=\"elementor-element elementor-element-ac49ea8 elementor-widget elementor-widget-heading\" data-id=\"ac49ea8\" data-element_type=\"widget\" data-e-type=\"widget\" data-widget_type=\"heading.default\">\n\t\t\t\t\t<h2 class=\"elementor-heading-title elementor-size-default\">Cont\u00e1ctanos<\/h2>\t\t\t\t<\/div>\n\t\t\t\t\t<\/div>\n\t\t\t\t<\/div>\n\t\t<div class=\"elementor-element elementor-element-1d05593 e-flex e-con-boxed e-con e-parent\" data-id=\"1d05593\" data-element_type=\"container\" data-e-type=\"container\">\n\t\t\t\t\t<div class=\"e-con-inner\">\n\t\t\t\t<div class=\"elementor-element elementor-element-ed33190 elementor-widget elementor-widget-text-editor\" data-id=\"ed33190\" data-element_type=\"widget\" data-e-type=\"widget\" data-widget_type=\"text-editor.default\">\n\t\t\t\t\t\t\t\t\t<p>En <b>Morteros Secos del Caribe S.A. de C.V.<\/b>\u00a0entendemos que la calidad de los materiales es la base de cualquier obra exitosa. Ya sea que necesites suministros para una infraestructura a gran escala o una remodelaci\u00f3n residencial, nuestro equipo comercial est\u00e1 listo para ofrecerte soluciones log\u00edsticas y precios competitivos.<\/p>\t\t\t\t\t\t\t\t<\/div>\n\t\t\t\t<div class=\"elementor-element elementor-element-3a08eb1 elementor-button-align-start elementor-tablet-button-align-start elementor-widget elementor-widget-form\" data-id=\"3a08eb1\" data-element_type=\"widget\" data-e-type=\"widget\" data-settings=\"{&quot;step_next_label&quot;:&quot;Next&quot;,&quot;step_previous_label&quot;:&quot;Previous&quot;,&quot;button_width&quot;:&quot;100&quot;,&quot;step_type&quot;:&quot;number_text&quot;,&quot;step_icon_shape&quot;:&quot;circle&quot;}\" data-widget_type=\"form.default\">\n\t\t\t\t\t\t\t<form class=\"elementor-form\" method=\"post\" name=\"New Form\" aria-label=\"New Form\">\n\t\t\t<input type=\"hidden\" name=\"post_id\" value=\"710\"\/>\n\t\t\t<input type=\"hidden\" name=\"form_id\" value=\"3a08eb1\"\/>\n\t\t\t<input type=\"hidden\" name=\"referer_title\" value=\"Cont\u00e1ctanos - Morteros Secos del Caribe\" \/>\n\n\t\t\t\t\t\t\t<input type=\"hidden\" name=\"queried_id\" value=\"710\"\/>\n\t\t\t\n\t\t\t<div class=\"elementor-form-fields-wrapper elementor-labels-above\">\n\t\t\t\t\t\t\t\t<div class=\"elementor-field-type-text elementor-field-group elementor-column elementor-field-group-name elementor-col-100\">\n\t\t\t\t\t\t\t\t\t\t\t\t<label for=\"form-field-name\" class=\"elementor-field-label\">\n\t\t\t\t\t\t\t\tNombre\t\t\t\t\t\t\t<\/label>\n\t\t\t\t\t\t\t\t\t\t\t\t\t\t<input size=\"1\" type=\"text\" name=\"form_fields[name]\" id=\"form-field-name\" class=\"elementor-field elementor-size-sm  elementor-field-textual\" placeholder=\"Nombre\">\n\t\t\t\t\t\t\t\t\t\t\t<\/div>\n\t\t\t\t\t\t\t\t<div class=\"elementor-field-type-email elementor-field-group elementor-column elementor-field-group-email elementor-col-100 elementor-field-required\">\n\t\t\t\t\t\t\t\t\t\t\t\t<label for=\"form-field-email\" class=\"elementor-field-label\">\n\t\t\t\t\t\t\t\tEmail\t\t\t\t\t\t\t<\/label>\n\t\t\t\t\t\t\t\t\t\t\t\t\t\t<input size=\"1\" type=\"email\" name=\"form_fields[email]\" id=\"form-field-email\" class=\"elementor-field elementor-size-sm  elementor-field-textual\" placeholder=\"Email\" required=\"required\">\n\t\t\t\t\t\t\t\t\t\t\t<\/div>\n\t\t\t\t\t\t\t\t<div class=\"elementor-field-type-textarea elementor-field-group elementor-column elementor-field-group-message elementor-col-100\">\n\t\t\t\t\t\t\t\t\t\t\t\t<label for=\"form-field-message\" class=\"elementor-field-label\">\n\t\t\t\t\t\t\t\tMensaje\t\t\t\t\t\t\t<\/label>\n\t\t\t\t\t\t<textarea class=\"elementor-field-textual elementor-field  elementor-size-sm\" name=\"form_fields[message]\" id=\"form-field-message\" rows=\"4\" placeholder=\"Mensaje\"><\/textarea>\t\t\t\t<\/div>\n\t\t\t\t\t\t\t\t<div class=\"elementor-field-type-recaptcha elementor-field-group elementor-column elementor-field-group-field_e1df631 elementor-col-100\">\n\t\t\t\t\t<div class=\"elementor-field\" id=\"form-field-field_e1df631\"><div class=\"elementor-g-recaptcha\" data-sitekey=\"6LfM-f0rAAAAANRKFsOwhwQ81vkuX9x7lh5VFbLD\" data-type=\"v2_checkbox\" data-theme=\"light\" data-size=\"normal\"><\/div><\/div>\t\t\t\t<\/div>\n\t\t\t\t\t\t\t\t<div class=\"elementor-field-group elementor-column elementor-field-type-submit elementor-col-100 e-form__buttons\">\n\t\t\t\t\t<button class=\"elementor-button elementor-size-sm\" type=\"submit\">\n\t\t\t\t\t\t<span class=\"elementor-button-content-wrapper\">\n\t\t\t\t\t\t\t\t\t\t\t\t\t\t\t\t\t\t\t\t\t\t<span class=\"elementor-button-text\">Enviar<\/span>\n\t\t\t\t\t\t\t\t\t\t\t\t\t<\/span>\n\t\t\t\t\t<\/button>\n\t\t\t\t<\/div>\n\t\t\t<\/div>\n\t\t<\/form>\n\t\t\t\t\t\t<\/div>\n\t\t\t\t\t<\/div>\n\t\t\t\t<\/div>\n\t\t\t\t<\/div>\n\t\t","protected":false},"excerpt":{"rendered":"<p>Cont\u00e1ctanos En Morteros Secos del Caribe S.A. de C.V.\u00a0entendemos que la calidad de los materiales es la base de cualquier obra exitosa. Ya sea que necesites suministros para una infraestructura a gran escala o una remodelaci\u00f3n residencial, nuestro equipo comercial est\u00e1 listo para ofrecerte soluciones log\u00edsticas y precios competitivos.<\/p>\n","protected":false},"author":2,"featured_media":0,"parent":0,"menu_order":0,"comment_status":"closed","ping_status":"closed","template":"","meta":{"_acf_changed":false,"footnotes":""},"class_list":["post-710","page","type-page","status-publish","hentry"],"acf":[],"yoast_head":"<!-- This site is optimized with the Yoast SEO plugin v27.0 - https:\/\/yoast.com\/product\/yoast-seo-wordpress\/ -->\n<title>Cont\u00e1ctanos - Morteros Secos del Caribe<\/title>\n<meta name=\"robots\" content=\"index, follow, max-snippet:-1, max-image-preview:large, max-video-preview:-1\" \/>\n<link rel=\"canonical\" href=\"https:\/\/moseca.com.mx\/index.php\/contactanos\/\" \/>\n<meta property=\"og:locale\" content=\"es_MX\" \/>\n<meta property=\"og:type\" content=\"article\" \/>\n<meta property=\"og:title\" content=\"Cont\u00e1ctanos - Morteros Secos del Caribe\" \/>\n<meta property=\"og:description\" content=\"Cont\u00e1ctanos En Morteros Secos del Caribe S.A. de C.V.\u00a0entendemos que la calidad de los materiales es la base de cualquier obra exitosa. Ya sea que necesites suministros para una infraestructura a gran escala o una remodelaci\u00f3n residencial, nuestro equipo comercial est\u00e1 listo para ofrecerte soluciones log\u00edsticas y precios competitivos.\" \/>\n<meta property=\"og:url\" content=\"https:\/\/moseca.com.mx\/index.php\/contactanos\/\" \/>\n<meta property=\"og:site_name\" content=\"Morteros Secos del Caribe\" \/>\n<meta property=\"article:modified_time\" content=\"2026-03-05T06:07:24+00:00\" \/>\n<meta name=\"twitter:card\" content=\"summary_large_image\" \/>\n<meta name=\"twitter:label1\" content=\"Tiempo de lectura\" \/>\n\t<meta name=\"twitter:data1\" content=\"1 minuto\" \/>\n<script type=\"application\/ld+json\" class=\"yoast-schema-graph\">{\"@context\":\"https:\/\/schema.org\",\"@graph\":[{\"@type\":\"WebPage\",\"@id\":\"https:\/\/moseca.com.mx\/index.php\/contactanos\/\",\"url\":\"https:\/\/moseca.com.mx\/index.php\/contactanos\/\",\"name\":\"Cont\u00e1ctanos - Morteros Secos del Caribe\",\"isPartOf\":{\"@id\":\"https:\/\/moseca.com.mx\/#website\"},\"datePublished\":\"2025-12-11T15:47:06+00:00\",\"dateModified\":\"2026-03-05T06:07:24+00:00\",\"breadcrumb\":{\"@id\":\"https:\/\/moseca.com.mx\/index.php\/contactanos\/#breadcrumb\"},\"inLanguage\":\"es\",\"potentialAction\":[{\"@type\":\"ReadAction\",\"target\":[\"https:\/\/moseca.com.mx\/index.php\/contactanos\/\"]}]},{\"@type\":\"BreadcrumbList\",\"@id\":\"https:\/\/moseca.com.mx\/index.php\/contactanos\/#breadcrumb\",\"itemListElement\":[{\"@type\":\"ListItem\",\"position\":1,\"name\":\"Portada\",\"item\":\"https:\/\/moseca.com.mx\/\"},{\"@type\":\"ListItem\",\"position\":2,\"name\":\"Cont\u00e1ctanos\"}]},{\"@type\":\"WebSite\",\"@id\":\"https:\/\/moseca.com.mx\/#website\",\"url\":\"https:\/\/moseca.com.mx\/\",\"name\":\"Morteros Secos del Caribe\",\"description\":\"\",\"publisher\":{\"@id\":\"https:\/\/moseca.com.mx\/#organization\"},\"potentialAction\":[{\"@type\":\"SearchAction\",\"target\":{\"@type\":\"EntryPoint\",\"urlTemplate\":\"https:\/\/moseca.com.mx\/?s={search_term_string}\"},\"query-input\":{\"@type\":\"PropertyValueSpecification\",\"valueRequired\":true,\"valueName\":\"search_term_string\"}}],\"inLanguage\":\"es\"},{\"@type\":\"Organization\",\"@id\":\"https:\/\/moseca.com.mx\/#organization\",\"name\":\"Morteros Secos del Caribe\",\"url\":\"https:\/\/moseca.com.mx\/\",\"logo\":{\"@type\":\"ImageObject\",\"inLanguage\":\"es\",\"@id\":\"https:\/\/moseca.com.mx\/#\/schema\/logo\/image\/\",\"url\":\"https:\/\/moseca.com.mx\/wp-content\/uploads\/2025\/08\/Logo-Moseca_Header.png\",\"contentUrl\":\"https:\/\/moseca.com.mx\/wp-content\/uploads\/2025\/08\/Logo-Moseca_Header.png\",\"width\":326,\"height\":221,\"caption\":\"Morteros Secos del Caribe\"},\"image\":{\"@id\":\"https:\/\/moseca.com.mx\/#\/schema\/logo\/image\/\"}}]}<\/script>\n<!-- \/ Yoast SEO plugin. -->","yoast_head_json":{"title":"Cont\u00e1ctanos - Morteros Secos del Caribe","robots":{"index":"index","follow":"follow","max-snippet":"max-snippet:-1","max-image-preview":"max-image-preview:large","max-video-preview":"max-video-preview:-1"},"canonical":"https:\/\/moseca.com.mx\/index.php\/contactanos\/","og_locale":"es_MX","og_type":"article","og_title":"Cont\u00e1ctanos - Morteros Secos del Caribe","og_description":"Cont\u00e1ctanos En Morteros Secos del Caribe S.A. de C.V.\u00a0entendemos que la calidad de los materiales es la base de cualquier obra exitosa. Ya sea que necesites suministros para una infraestructura a gran escala o una remodelaci\u00f3n residencial, nuestro equipo comercial est\u00e1 listo para ofrecerte soluciones log\u00edsticas y precios competitivos.","og_url":"https:\/\/moseca.com.mx\/index.php\/contactanos\/","og_site_name":"Morteros Secos del Caribe","article_modified_time":"2026-03-05T06:07:24+00:00","twitter_card":"summary_large_image","twitter_misc":{"Tiempo de lectura":"1 minuto"},"schema":{"@context":"https:\/\/schema.org","@graph":[{"@type":"WebPage","@id":"https:\/\/moseca.com.mx\/index.php\/contactanos\/","url":"https:\/\/moseca.com.mx\/index.php\/contactanos\/","name":"Cont\u00e1ctanos - Morteros Secos del Caribe","isPartOf":{"@id":"https:\/\/moseca.com.mx\/#website"},"datePublished":"2025-12-11T15:47:06+00:00","dateModified":"2026-03-05T06:07:24+00:00","breadcrumb":{"@id":"https:\/\/moseca.com.mx\/index.php\/contactanos\/#breadcrumb"},"inLanguage":"es","potentialAction":[{"@type":"ReadAction","target":["https:\/\/moseca.com.mx\/index.php\/contactanos\/"]}]},{"@type":"BreadcrumbList","@id":"https:\/\/moseca.com.mx\/index.php\/contactanos\/#breadcrumb","itemListElement":[{"@type":"ListItem","position":1,"name":"Portada","item":"https:\/\/moseca.com.mx\/"},{"@type":"ListItem","position":2,"name":"Cont\u00e1ctanos"}]},{"@type":"WebSite","@id":"https:\/\/moseca.com.mx\/#website","url":"https:\/\/moseca.com.mx\/","name":"Morteros Secos del Caribe","description":"","publisher":{"@id":"https:\/\/moseca.com.mx\/#organization"},"potentialAction":[{"@type":"SearchAction","target":{"@type":"EntryPoint","urlTemplate":"https:\/\/moseca.com.mx\/?s={search_term_string}"},"query-input":{"@type":"PropertyValueSpecification","valueRequired":true,"valueName":"search_term_string"}}],"inLanguage":"es"},{"@type":"Organization","@id":"https:\/\/moseca.com.mx\/#organization","name":"Morteros Secos del Caribe","url":"https:\/\/moseca.com.mx\/","logo":{"@type":"ImageObject","inLanguage":"es","@id":"https:\/\/moseca.com.mx\/#\/schema\/logo\/image\/","url":"https:\/\/moseca.com.mx\/wp-content\/uploads\/2025\/08\/Logo-Moseca_Header.png","contentUrl":"https:\/\/moseca.com.mx\/wp-content\/uploads\/2025\/08\/Logo-Moseca_Header.png","width":326,"height":221,"caption":"Morteros Secos del Caribe"},"image":{"@id":"https:\/\/moseca.com.mx\/#\/schema\/logo\/image\/"}}]}},"_links":{"self":[{"href":"https:\/\/moseca.com.mx\/index.php\/wp-json\/wp\/v2\/pages\/710","targetHints":{"allow":["GET"]}}],"collection":[{"href":"https:\/\/moseca.com.mx\/index.php\/wp-json\/wp\/v2\/pages"}],"about":[{"href":"https:\/\/moseca.com.mx\/index.php\/wp-json\/wp\/v2\/types\/page"}],"author":[{"embeddable":true,"href":"https:\/\/moseca.com.mx\/index.php\/wp-json\/wp\/v2\/users\/2"}],"replies":[{"embeddable":true,"href":"https:\/\/moseca.com.mx\/index.php\/wp-json\/wp\/v2\/comments?post=710"}],"version-history":[{"count":22,"href":"https:\/\/moseca.com.mx\/index.php\/wp-json\/wp\/v2\/pages\/710\/revisions"}],"predecessor-version":[{"id":995,"href":"https:\/\/moseca.com.mx\/index.php\/wp-json\/wp\/v2\/pages\/710\/revisions\/995"}],"wp:attachment":[{"href":"https:\/\/moseca.com.mx\/index.php\/wp-json\/wp\/v2\/media?parent=710"}],"curies":[{"name":"wp","href":"https:\/\/api.w.org\/{rel}","templated":true}]}}