{"id":399,"date":"2025-12-11T15:58:26","date_gmt":"2025-12-11T15:58:26","guid":{"rendered":"https:\/\/moseca.com.mx\/?post_type=product&#038;p=399"},"modified":"2026-03-03T16:25:03","modified_gmt":"2026-03-03T16:25:03","slug":"aplana-mos-moseca","status":"publish","type":"product","link":"https:\/\/moseca.com.mx\/index.php\/producto\/aplana-mos-moseca\/","title":{"rendered":"Aplana-Mos HF"},"content":{"rendered":"<p>Mortero seco de alto desempe\u00f1o elaborado con cemento Portland, polvo de m\u00e1rmol y aditivos especiales que reducen fisuras y aumentan resistencia a la flexi\u00f3n y tensi\u00f3n.<\/p>\n<p>Formulado para aplicaci\u00f3n manual o con m\u00e1quina de proyecci\u00f3n en espesores de hasta 40 mm para corregir desplomes y lograr un acabado fino uniforme.<\/p>\n<ul>\n<li>Producto hidrofugante (no permite el paso de la humedad)<\/li>\n<li>\u00a0Sustituye el proceso tradicional de rich + aplanado + masilla<\/li>\n<li>Listo del saco al bote (no requiere agregados)<\/li>\n<\/ul>\n<p><strong>Ideal para aplicar sobre:<\/strong><\/p>\n<ul>\n<li>Block de concreto<\/li>\n<li>Bovedillas de concreto<\/li>\n<li>Piedras naturales<\/li>\n<li>Mamposter\u00eda<\/li>\n<li>Concreto<\/li>\n<\/ul>\n<p><strong>Ventajas clave<\/strong><\/p>\n<ul>\n<li>M\u00e1xima rapidez de instalaci\u00f3n<\/li>\n<li>Excelente adherencia<\/li>\n<li>Mayor productividad en obra<\/li>\n<li>Reduce fisuras<\/li>\n<li>Permite acabado \u201cfloteado\u201d liso<\/li>\n<li>Ahorra en acabados posteriores (masilla o pasta)<\/li>\n<li>Uso en interiores y exteriores<\/li>\n<li>M\u00ednimo desperdicio (sin rebote)<\/li>\n<li>Uniformidad controlada y garantizada<\/li>\n<li>Ahorro en tiempo y mano de obra<\/li>\n<\/ul>\n","protected":false},"excerpt":{"rendered":"<p>Mortero seco hidrofugante para aplicaci\u00f3n manual o con m\u00e1quina de proyecci\u00f3n. Permite corregir desplomes hasta 40 mm en block, tabique y concreto, logrando acabado fino, mayor productividad y ahorro en mano de obra.<\/p>\n","protected":false},"featured_media":700,"template":"","meta":{"_acf_changed":false},"product_brand":[29],"product_cat":[27],"product_tag":[],"class_list":{"0":"post-399","1":"product","2":"type-product","3":"status-publish","4":"has-post-thumbnail","6":"product_brand-moseca","7":"product_cat-morteros-y-adhesivos-para-construccion","9":"first","10":"instock","11":"taxable","12":"shipping-taxable","13":"product-type-simple"},"acf":[],"yoast_head":"<!-- This site is optimized with the Yoast SEO plugin v27.0 - https:\/\/yoast.com\/product\/yoast-seo-wordpress\/ -->\n<title>Aplana-Mos HF - Morteros Secos del Caribe<\/title>\n<meta name=\"description\" content=\"APLANA-MOS HF es un mortero hidrofugante para aplanado fino en Canc\u00fan. Corrige desplomes hasta 40 mm, mayor adherencia y ahorro en mano de obra.\" \/>\n<meta name=\"robots\" content=\"index, follow, max-snippet:-1, max-image-preview:large, max-video-preview:-1\" \/>\n<link rel=\"canonical\" href=\"https:\/\/moseca.com.mx\/index.php\/producto\/aplana-mos-moseca\/\" \/>\n<meta property=\"og:locale\" content=\"es_MX\" \/>\n<meta property=\"og:type\" content=\"article\" \/>\n<meta property=\"og:title\" content=\"Aplana-Mos HF - Morteros Secos del Caribe\" \/>\n<meta property=\"og:description\" content=\"APLANA-MOS HF es un mortero hidrofugante para aplanado fino en Canc\u00fan. Corrige desplomes hasta 40 mm, mayor adherencia y ahorro en mano de obra.\" \/>\n<meta property=\"og:url\" content=\"https:\/\/moseca.com.mx\/index.php\/producto\/aplana-mos-moseca\/\" \/>\n<meta property=\"og:site_name\" content=\"Morteros Secos del Caribe\" \/>\n<meta property=\"article:modified_time\" content=\"2026-03-03T16:25:03+00:00\" \/>\n<meta property=\"og:image\" content=\"https:\/\/moseca.com.mx\/wp-content\/uploads\/2025\/11\/APLANA-MOS2.png\" \/>\n\t<meta property=\"og:image:width\" content=\"2126\" \/>\n\t<meta property=\"og:image:height\" content=\"2198\" \/>\n\t<meta property=\"og:image:type\" content=\"image\/png\" \/>\n<meta name=\"twitter:card\" content=\"summary_large_image\" \/>\n<meta name=\"twitter:label1\" content=\"Tiempo de lectura\" \/>\n\t<meta name=\"twitter:data1\" content=\"1 minuto\" \/>\n<script type=\"application\/ld+json\" class=\"yoast-schema-graph\">{\"@context\":\"https:\/\/schema.org\",\"@graph\":[{\"@type\":\"WebPage\",\"@id\":\"https:\/\/moseca.com.mx\/index.php\/producto\/aplana-mos-moseca\/\",\"url\":\"https:\/\/moseca.com.mx\/index.php\/producto\/aplana-mos-moseca\/\",\"name\":\"Aplana-Mos HF - Morteros Secos del Caribe\",\"isPartOf\":{\"@id\":\"https:\/\/moseca.com.mx\/#website\"},\"primaryImageOfPage\":{\"@id\":\"https:\/\/moseca.com.mx\/index.php\/producto\/aplana-mos-moseca\/#primaryimage\"},\"image\":{\"@id\":\"https:\/\/moseca.com.mx\/index.php\/producto\/aplana-mos-moseca\/#primaryimage\"},\"thumbnailUrl\":\"https:\/\/moseca.com.mx\/wp-content\/uploads\/2025\/11\/APLANA-MOS2.png\",\"datePublished\":\"2025-12-11T15:58:26+00:00\",\"dateModified\":\"2026-03-03T16:25:03+00:00\",\"description\":\"APLANA-MOS HF es un mortero hidrofugante para aplanado fino en Canc\u00fan. Corrige desplomes hasta 40 mm, mayor adherencia y ahorro en mano de obra.\",\"breadcrumb\":{\"@id\":\"https:\/\/moseca.com.mx\/index.php\/producto\/aplana-mos-moseca\/#breadcrumb\"},\"inLanguage\":\"es\",\"potentialAction\":[{\"@type\":\"ReadAction\",\"target\":[\"https:\/\/moseca.com.mx\/index.php\/producto\/aplana-mos-moseca\/\"]}]},{\"@type\":\"ImageObject\",\"inLanguage\":\"es\",\"@id\":\"https:\/\/moseca.com.mx\/index.php\/producto\/aplana-mos-moseca\/#primaryimage\",\"url\":\"https:\/\/moseca.com.mx\/wp-content\/uploads\/2025\/11\/APLANA-MOS2.png\",\"contentUrl\":\"https:\/\/moseca.com.mx\/wp-content\/uploads\/2025\/11\/APLANA-MOS2.png\",\"width\":2126,\"height\":2198},{\"@type\":\"BreadcrumbList\",\"@id\":\"https:\/\/moseca.com.mx\/index.php\/producto\/aplana-mos-moseca\/#breadcrumb\",\"itemListElement\":[{\"@type\":\"ListItem\",\"position\":1,\"name\":\"Portada\",\"item\":\"https:\/\/moseca.com.mx\/\"},{\"@type\":\"ListItem\",\"position\":2,\"name\":\"Productos\",\"item\":\"https:\/\/moseca.com.mx\/index.php\/tienda__trashed\/\"},{\"@type\":\"ListItem\",\"position\":3,\"name\":\"Aplana-Mos HF\"}]},{\"@type\":\"WebSite\",\"@id\":\"https:\/\/moseca.com.mx\/#website\",\"url\":\"https:\/\/moseca.com.mx\/\",\"name\":\"Morteros Secos del Caribe\",\"description\":\"\",\"publisher\":{\"@id\":\"https:\/\/moseca.com.mx\/#organization\"},\"potentialAction\":[{\"@type\":\"SearchAction\",\"target\":{\"@type\":\"EntryPoint\",\"urlTemplate\":\"https:\/\/moseca.com.mx\/?s={search_term_string}\"},\"query-input\":{\"@type\":\"PropertyValueSpecification\",\"valueRequired\":true,\"valueName\":\"search_term_string\"}}],\"inLanguage\":\"es\"},{\"@type\":\"Organization\",\"@id\":\"https:\/\/moseca.com.mx\/#organization\",\"name\":\"Morteros Secos del Caribe\",\"url\":\"https:\/\/moseca.com.mx\/\",\"logo\":{\"@type\":\"ImageObject\",\"inLanguage\":\"es\",\"@id\":\"https:\/\/moseca.com.mx\/#\/schema\/logo\/image\/\",\"url\":\"https:\/\/moseca.com.mx\/wp-content\/uploads\/2025\/08\/Logo-Moseca_Header.png\",\"contentUrl\":\"https:\/\/moseca.com.mx\/wp-content\/uploads\/2025\/08\/Logo-Moseca_Header.png\",\"width\":326,\"height\":221,\"caption\":\"Morteros Secos del Caribe\"},\"image\":{\"@id\":\"https:\/\/moseca.com.mx\/#\/schema\/logo\/image\/\"}}]}<\/script>\n<!-- \/ Yoast SEO plugin. -->","yoast_head_json":{"title":"Aplana-Mos HF - Morteros Secos del Caribe","description":"APLANA-MOS HF es un mortero hidrofugante para aplanado fino en Canc\u00fan. Corrige desplomes hasta 40 mm, mayor adherencia y ahorro en mano de obra.","robots":{"index":"index","follow":"follow","max-snippet":"max-snippet:-1","max-image-preview":"max-image-preview:large","max-video-preview":"max-video-preview:-1"},"canonical":"https:\/\/moseca.com.mx\/index.php\/producto\/aplana-mos-moseca\/","og_locale":"es_MX","og_type":"article","og_title":"Aplana-Mos HF - Morteros Secos del Caribe","og_description":"APLANA-MOS HF es un mortero hidrofugante para aplanado fino en Canc\u00fan. Corrige desplomes hasta 40 mm, mayor adherencia y ahorro en mano de obra.","og_url":"https:\/\/moseca.com.mx\/index.php\/producto\/aplana-mos-moseca\/","og_site_name":"Morteros Secos del Caribe","article_modified_time":"2026-03-03T16:25:03+00:00","og_image":[{"width":2126,"height":2198,"url":"https:\/\/moseca.com.mx\/wp-content\/uploads\/2025\/11\/APLANA-MOS2.png","type":"image\/png"}],"twitter_card":"summary_large_image","twitter_misc":{"Tiempo de lectura":"1 minuto"},"schema":{"@context":"https:\/\/schema.org","@graph":[{"@type":"WebPage","@id":"https:\/\/moseca.com.mx\/index.php\/producto\/aplana-mos-moseca\/","url":"https:\/\/moseca.com.mx\/index.php\/producto\/aplana-mos-moseca\/","name":"Aplana-Mos HF - Morteros Secos del Caribe","isPartOf":{"@id":"https:\/\/moseca.com.mx\/#website"},"primaryImageOfPage":{"@id":"https:\/\/moseca.com.mx\/index.php\/producto\/aplana-mos-moseca\/#primaryimage"},"image":{"@id":"https:\/\/moseca.com.mx\/index.php\/producto\/aplana-mos-moseca\/#primaryimage"},"thumbnailUrl":"https:\/\/moseca.com.mx\/wp-content\/uploads\/2025\/11\/APLANA-MOS2.png","datePublished":"2025-12-11T15:58:26+00:00","dateModified":"2026-03-03T16:25:03+00:00","description":"APLANA-MOS HF es un mortero hidrofugante para aplanado fino en Canc\u00fan. Corrige desplomes hasta 40 mm, mayor adherencia y ahorro en mano de obra.","breadcrumb":{"@id":"https:\/\/moseca.com.mx\/index.php\/producto\/aplana-mos-moseca\/#breadcrumb"},"inLanguage":"es","potentialAction":[{"@type":"ReadAction","target":["https:\/\/moseca.com.mx\/index.php\/producto\/aplana-mos-moseca\/"]}]},{"@type":"ImageObject","inLanguage":"es","@id":"https:\/\/moseca.com.mx\/index.php\/producto\/aplana-mos-moseca\/#primaryimage","url":"https:\/\/moseca.com.mx\/wp-content\/uploads\/2025\/11\/APLANA-MOS2.png","contentUrl":"https:\/\/moseca.com.mx\/wp-content\/uploads\/2025\/11\/APLANA-MOS2.png","width":2126,"height":2198},{"@type":"BreadcrumbList","@id":"https:\/\/moseca.com.mx\/index.php\/producto\/aplana-mos-moseca\/#breadcrumb","itemListElement":[{"@type":"ListItem","position":1,"name":"Portada","item":"https:\/\/moseca.com.mx\/"},{"@type":"ListItem","position":2,"name":"Productos","item":"https:\/\/moseca.com.mx\/index.php\/tienda__trashed\/"},{"@type":"ListItem","position":3,"name":"Aplana-Mos HF"}]},{"@type":"WebSite","@id":"https:\/\/moseca.com.mx\/#website","url":"https:\/\/moseca.com.mx\/","name":"Morteros Secos del Caribe","description":"","publisher":{"@id":"https:\/\/moseca.com.mx\/#organization"},"potentialAction":[{"@type":"SearchAction","target":{"@type":"EntryPoint","urlTemplate":"https:\/\/moseca.com.mx\/?s={search_term_string}"},"query-input":{"@type":"PropertyValueSpecification","valueRequired":true,"valueName":"search_term_string"}}],"inLanguage":"es"},{"@type":"Organization","@id":"https:\/\/moseca.com.mx\/#organization","name":"Morteros Secos del Caribe","url":"https:\/\/moseca.com.mx\/","logo":{"@type":"ImageObject","inLanguage":"es","@id":"https:\/\/moseca.com.mx\/#\/schema\/logo\/image\/","url":"https:\/\/moseca.com.mx\/wp-content\/uploads\/2025\/08\/Logo-Moseca_Header.png","contentUrl":"https:\/\/moseca.com.mx\/wp-content\/uploads\/2025\/08\/Logo-Moseca_Header.png","width":326,"height":221,"caption":"Morteros Secos del Caribe"},"image":{"@id":"https:\/\/moseca.com.mx\/#\/schema\/logo\/image\/"}}]}},"_links":{"self":[{"href":"https:\/\/moseca.com.mx\/index.php\/wp-json\/wp\/v2\/product\/399","targetHints":{"allow":["GET"]}}],"collection":[{"href":"https:\/\/moseca.com.mx\/index.php\/wp-json\/wp\/v2\/product"}],"about":[{"href":"https:\/\/moseca.com.mx\/index.php\/wp-json\/wp\/v2\/types\/product"}],"wp:featuredmedia":[{"embeddable":true,"href":"https:\/\/moseca.com.mx\/index.php\/wp-json\/wp\/v2\/media\/700"}],"wp:attachment":[{"href":"https:\/\/moseca.com.mx\/index.php\/wp-json\/wp\/v2\/media?parent=399"}],"wp:term":[{"taxonomy":"product_brand","embeddable":true,"href":"https:\/\/moseca.com.mx\/index.php\/wp-json\/wp\/v2\/product_brand?post=399"},{"taxonomy":"product_cat","embeddable":true,"href":"https:\/\/moseca.com.mx\/index.php\/wp-json\/wp\/v2\/product_cat?post=399"},{"taxonomy":"product_tag","embeddable":true,"href":"https:\/\/moseca.com.mx\/index.php\/wp-json\/wp\/v2\/product_tag?post=399"}],"curies":[{"name":"wp","href":"https:\/\/api.w.org\/{rel}","templated":true}]}}