{"id":688,"date":"2025-12-11T15:09:21","date_gmt":"2025-12-11T15:09:21","guid":{"rendered":"https:\/\/moseca.com.mx\/?post_type=product&#038;p=688"},"modified":"2025-12-11T15:09:21","modified_gmt":"2025-12-11T15:09:21","slug":"pega-mos-marmol","status":"publish","type":"product","link":"https:\/\/moseca.com.mx\/index.php\/producto\/pega-mos-marmol\/","title":{"rendered":"Pega-Mos M\u00e1rmol"},"content":{"rendered":"<p>Adhesivo para m\u00e1rmol, loseta cer\u00e1mica, azulejos y loseta de barro<\/p>\n","protected":false},"excerpt":{"rendered":"<p>Adhesivo para m\u00e1rmol, loseta cer\u00e1mica, azulejos y loseta de barro<\/p>\n","protected":false},"featured_media":689,"template":"","meta":{"_acf_changed":false},"product_brand":[29],"product_cat":[27],"product_tag":[],"class_list":{"0":"post-688","1":"product","2":"type-product","3":"status-publish","4":"has-post-thumbnail","6":"product_brand-moseca","7":"product_cat-morteros-y-adhesivos-para-construccion","9":"first","10":"instock","11":"taxable","12":"shipping-taxable","13":"product-type-simple"},"acf":[],"yoast_head":"<!-- This site is optimized with the Yoast SEO plugin v27.0 - https:\/\/yoast.com\/product\/yoast-seo-wordpress\/ -->\n<title>Pega-Mos M\u00e1rmol - Morteros Secos del Caribe<\/title>\n<meta name=\"description\" content=\"Adhesivo para m\u00e1rmol, loseta cer\u00e1mica, azulejos y loseta de barro\" \/>\n<meta name=\"robots\" content=\"index, follow, max-snippet:-1, max-image-preview:large, max-video-preview:-1\" \/>\n<link rel=\"canonical\" href=\"https:\/\/moseca.com.mx\/index.php\/producto\/pega-mos-marmol\/\" \/>\n<meta property=\"og:locale\" content=\"es_MX\" \/>\n<meta property=\"og:type\" content=\"article\" \/>\n<meta property=\"og:title\" content=\"Pega-Mos M\u00e1rmol - Morteros Secos del Caribe\" \/>\n<meta property=\"og:description\" content=\"Adhesivo para m\u00e1rmol, loseta cer\u00e1mica, azulejos y loseta de barro\" \/>\n<meta property=\"og:url\" content=\"https:\/\/moseca.com.mx\/index.php\/producto\/pega-mos-marmol\/\" \/>\n<meta property=\"og:site_name\" content=\"Morteros Secos del Caribe\" \/>\n<meta property=\"og:image\" content=\"https:\/\/moseca.com.mx\/wp-content\/uploads\/2025\/12\/PEGAMOS-MARMOL.png\" \/>\n\t<meta property=\"og:image:width\" content=\"2126\" \/>\n\t<meta property=\"og:image:height\" content=\"2198\" \/>\n\t<meta property=\"og:image:type\" content=\"image\/png\" \/>\n<meta name=\"twitter:card\" content=\"summary_large_image\" \/>\n<meta name=\"twitter:label1\" content=\"Tiempo de lectura\" \/>\n\t<meta name=\"twitter:data1\" content=\"1 minuto\" \/>\n<script type=\"application\/ld+json\" class=\"yoast-schema-graph\">{\"@context\":\"https:\/\/schema.org\",\"@graph\":[{\"@type\":\"WebPage\",\"@id\":\"https:\/\/moseca.com.mx\/index.php\/producto\/pega-mos-marmol\/\",\"url\":\"https:\/\/moseca.com.mx\/index.php\/producto\/pega-mos-marmol\/\",\"name\":\"Pega-Mos M\u00e1rmol - Morteros Secos del Caribe\",\"isPartOf\":{\"@id\":\"https:\/\/moseca.com.mx\/#website\"},\"primaryImageOfPage\":{\"@id\":\"https:\/\/moseca.com.mx\/index.php\/producto\/pega-mos-marmol\/#primaryimage\"},\"image\":{\"@id\":\"https:\/\/moseca.com.mx\/index.php\/producto\/pega-mos-marmol\/#primaryimage\"},\"thumbnailUrl\":\"https:\/\/moseca.com.mx\/wp-content\/uploads\/2025\/12\/PEGAMOS-MARMOL.png\",\"datePublished\":\"2025-12-11T15:09:21+00:00\",\"description\":\"Adhesivo para m\u00e1rmol, loseta cer\u00e1mica, azulejos y loseta de barro\",\"breadcrumb\":{\"@id\":\"https:\/\/moseca.com.mx\/index.php\/producto\/pega-mos-marmol\/#breadcrumb\"},\"inLanguage\":\"es\",\"potentialAction\":[{\"@type\":\"ReadAction\",\"target\":[\"https:\/\/moseca.com.mx\/index.php\/producto\/pega-mos-marmol\/\"]}]},{\"@type\":\"ImageObject\",\"inLanguage\":\"es\",\"@id\":\"https:\/\/moseca.com.mx\/index.php\/producto\/pega-mos-marmol\/#primaryimage\",\"url\":\"https:\/\/moseca.com.mx\/wp-content\/uploads\/2025\/12\/PEGAMOS-MARMOL.png\",\"contentUrl\":\"https:\/\/moseca.com.mx\/wp-content\/uploads\/2025\/12\/PEGAMOS-MARMOL.png\",\"width\":2126,\"height\":2198},{\"@type\":\"BreadcrumbList\",\"@id\":\"https:\/\/moseca.com.mx\/index.php\/producto\/pega-mos-marmol\/#breadcrumb\",\"itemListElement\":[{\"@type\":\"ListItem\",\"position\":1,\"name\":\"Portada\",\"item\":\"https:\/\/moseca.com.mx\/\"},{\"@type\":\"ListItem\",\"position\":2,\"name\":\"Productos\",\"item\":\"https:\/\/moseca.com.mx\/index.php\/tienda__trashed\/\"},{\"@type\":\"ListItem\",\"position\":3,\"name\":\"Pega-Mos M\u00e1rmol\"}]},{\"@type\":\"WebSite\",\"@id\":\"https:\/\/moseca.com.mx\/#website\",\"url\":\"https:\/\/moseca.com.mx\/\",\"name\":\"Morteros Secos del Caribe\",\"description\":\"\",\"publisher\":{\"@id\":\"https:\/\/moseca.com.mx\/#organization\"},\"potentialAction\":[{\"@type\":\"SearchAction\",\"target\":{\"@type\":\"EntryPoint\",\"urlTemplate\":\"https:\/\/moseca.com.mx\/?s={search_term_string}\"},\"query-input\":{\"@type\":\"PropertyValueSpecification\",\"valueRequired\":true,\"valueName\":\"search_term_string\"}}],\"inLanguage\":\"es\"},{\"@type\":\"Organization\",\"@id\":\"https:\/\/moseca.com.mx\/#organization\",\"name\":\"Morteros Secos del Caribe\",\"url\":\"https:\/\/moseca.com.mx\/\",\"logo\":{\"@type\":\"ImageObject\",\"inLanguage\":\"es\",\"@id\":\"https:\/\/moseca.com.mx\/#\/schema\/logo\/image\/\",\"url\":\"https:\/\/moseca.com.mx\/wp-content\/uploads\/2025\/08\/Logo-Moseca_Header.png\",\"contentUrl\":\"https:\/\/moseca.com.mx\/wp-content\/uploads\/2025\/08\/Logo-Moseca_Header.png\",\"width\":326,\"height\":221,\"caption\":\"Morteros Secos del Caribe\"},\"image\":{\"@id\":\"https:\/\/moseca.com.mx\/#\/schema\/logo\/image\/\"}}]}<\/script>\n<!-- \/ Yoast SEO plugin. -->","yoast_head_json":{"title":"Pega-Mos M\u00e1rmol - Morteros Secos del Caribe","description":"Adhesivo para m\u00e1rmol, loseta cer\u00e1mica, azulejos y loseta de barro","robots":{"index":"index","follow":"follow","max-snippet":"max-snippet:-1","max-image-preview":"max-image-preview:large","max-video-preview":"max-video-preview:-1"},"canonical":"https:\/\/moseca.com.mx\/index.php\/producto\/pega-mos-marmol\/","og_locale":"es_MX","og_type":"article","og_title":"Pega-Mos M\u00e1rmol - Morteros Secos del Caribe","og_description":"Adhesivo para m\u00e1rmol, loseta cer\u00e1mica, azulejos y loseta de barro","og_url":"https:\/\/moseca.com.mx\/index.php\/producto\/pega-mos-marmol\/","og_site_name":"Morteros Secos del Caribe","og_image":[{"width":2126,"height":2198,"url":"https:\/\/moseca.com.mx\/wp-content\/uploads\/2025\/12\/PEGAMOS-MARMOL.png","type":"image\/png"}],"twitter_card":"summary_large_image","twitter_misc":{"Tiempo de lectura":"1 minuto"},"schema":{"@context":"https:\/\/schema.org","@graph":[{"@type":"WebPage","@id":"https:\/\/moseca.com.mx\/index.php\/producto\/pega-mos-marmol\/","url":"https:\/\/moseca.com.mx\/index.php\/producto\/pega-mos-marmol\/","name":"Pega-Mos M\u00e1rmol - Morteros Secos del Caribe","isPartOf":{"@id":"https:\/\/moseca.com.mx\/#website"},"primaryImageOfPage":{"@id":"https:\/\/moseca.com.mx\/index.php\/producto\/pega-mos-marmol\/#primaryimage"},"image":{"@id":"https:\/\/moseca.com.mx\/index.php\/producto\/pega-mos-marmol\/#primaryimage"},"thumbnailUrl":"https:\/\/moseca.com.mx\/wp-content\/uploads\/2025\/12\/PEGAMOS-MARMOL.png","datePublished":"2025-12-11T15:09:21+00:00","description":"Adhesivo para m\u00e1rmol, loseta cer\u00e1mica, azulejos y loseta de barro","breadcrumb":{"@id":"https:\/\/moseca.com.mx\/index.php\/producto\/pega-mos-marmol\/#breadcrumb"},"inLanguage":"es","potentialAction":[{"@type":"ReadAction","target":["https:\/\/moseca.com.mx\/index.php\/producto\/pega-mos-marmol\/"]}]},{"@type":"ImageObject","inLanguage":"es","@id":"https:\/\/moseca.com.mx\/index.php\/producto\/pega-mos-marmol\/#primaryimage","url":"https:\/\/moseca.com.mx\/wp-content\/uploads\/2025\/12\/PEGAMOS-MARMOL.png","contentUrl":"https:\/\/moseca.com.mx\/wp-content\/uploads\/2025\/12\/PEGAMOS-MARMOL.png","width":2126,"height":2198},{"@type":"BreadcrumbList","@id":"https:\/\/moseca.com.mx\/index.php\/producto\/pega-mos-marmol\/#breadcrumb","itemListElement":[{"@type":"ListItem","position":1,"name":"Portada","item":"https:\/\/moseca.com.mx\/"},{"@type":"ListItem","position":2,"name":"Productos","item":"https:\/\/moseca.com.mx\/index.php\/tienda__trashed\/"},{"@type":"ListItem","position":3,"name":"Pega-Mos M\u00e1rmol"}]},{"@type":"WebSite","@id":"https:\/\/moseca.com.mx\/#website","url":"https:\/\/moseca.com.mx\/","name":"Morteros Secos del Caribe","description":"","publisher":{"@id":"https:\/\/moseca.com.mx\/#organization"},"potentialAction":[{"@type":"SearchAction","target":{"@type":"EntryPoint","urlTemplate":"https:\/\/moseca.com.mx\/?s={search_term_string}"},"query-input":{"@type":"PropertyValueSpecification","valueRequired":true,"valueName":"search_term_string"}}],"inLanguage":"es"},{"@type":"Organization","@id":"https:\/\/moseca.com.mx\/#organization","name":"Morteros Secos del Caribe","url":"https:\/\/moseca.com.mx\/","logo":{"@type":"ImageObject","inLanguage":"es","@id":"https:\/\/moseca.com.mx\/#\/schema\/logo\/image\/","url":"https:\/\/moseca.com.mx\/wp-content\/uploads\/2025\/08\/Logo-Moseca_Header.png","contentUrl":"https:\/\/moseca.com.mx\/wp-content\/uploads\/2025\/08\/Logo-Moseca_Header.png","width":326,"height":221,"caption":"Morteros Secos del Caribe"},"image":{"@id":"https:\/\/moseca.com.mx\/#\/schema\/logo\/image\/"}}]}},"_links":{"self":[{"href":"https:\/\/moseca.com.mx\/index.php\/wp-json\/wp\/v2\/product\/688","targetHints":{"allow":["GET"]}}],"collection":[{"href":"https:\/\/moseca.com.mx\/index.php\/wp-json\/wp\/v2\/product"}],"about":[{"href":"https:\/\/moseca.com.mx\/index.php\/wp-json\/wp\/v2\/types\/product"}],"wp:featuredmedia":[{"embeddable":true,"href":"https:\/\/moseca.com.mx\/index.php\/wp-json\/wp\/v2\/media\/689"}],"wp:attachment":[{"href":"https:\/\/moseca.com.mx\/index.php\/wp-json\/wp\/v2\/media?parent=688"}],"wp:term":[{"taxonomy":"product_brand","embeddable":true,"href":"https:\/\/moseca.com.mx\/index.php\/wp-json\/wp\/v2\/product_brand?post=688"},{"taxonomy":"product_cat","embeddable":true,"href":"https:\/\/moseca.com.mx\/index.php\/wp-json\/wp\/v2\/product_cat?post=688"},{"taxonomy":"product_tag","embeddable":true,"href":"https:\/\/moseca.com.mx\/index.php\/wp-json\/wp\/v2\/product_tag?post=688"}],"curies":[{"name":"wp","href":"https:\/\/api.w.org\/{rel}","templated":true}]}}