{"id":692,"date":"2025-12-11T15:18:04","date_gmt":"2025-12-11T15:18:04","guid":{"rendered":"https:\/\/moseca.com.mx\/?post_type=product&#038;p=692"},"modified":"2025-12-11T15:22:47","modified_gmt":"2025-12-11T15:22:47","slug":"pega-mos-piso-piso","status":"publish","type":"product","link":"https:\/\/moseca.com.mx\/index.php\/producto\/pega-mos-piso-piso\/","title":{"rendered":"Pega-Mos Piso\/Piso"},"content":{"rendered":"<p class=\"p2\"><b>PEGA-MOS PISO\/PISO <\/b>es un adhesivo fabricado a base de cemento portland, cargas minerales y aditivos especiales de alta calidad que permiten sin levantar el piso viejo, instalar uno nuevo, inclusive su alta capacidad de adherencia permite instalar loseta cer\u00e1mica sobre superficie vidriada. Especialmente dise\u00f1ado para la instalaci\u00f3n de loseta cer\u00e1mica de alta, media, baja y nula absorci\u00f3n.<\/p>\n","protected":false},"excerpt":{"rendered":"<p>Adhesivo en polvo para la instalaci\u00f3n de piso sobre piso<\/p>\n","protected":false},"featured_media":693,"template":"","meta":{"_acf_changed":false},"product_brand":[29],"product_cat":[27],"product_tag":[],"class_list":{"0":"post-692","1":"product","2":"type-product","3":"status-publish","4":"has-post-thumbnail","6":"product_brand-moseca","7":"product_cat-morteros-y-adhesivos-para-construccion","9":"first","10":"instock","11":"taxable","12":"shipping-taxable","13":"product-type-simple"},"acf":[],"yoast_head":"<!-- This site is optimized with the Yoast SEO plugin v27.0 - https:\/\/yoast.com\/product\/yoast-seo-wordpress\/ -->\n<title>Pega-Mos Piso\/Piso - Morteros Secos del Caribe<\/title>\n<meta name=\"robots\" content=\"index, follow, max-snippet:-1, max-image-preview:large, max-video-preview:-1\" \/>\n<link rel=\"canonical\" href=\"https:\/\/moseca.com.mx\/index.php\/producto\/pega-mos-piso-piso\/\" \/>\n<meta property=\"og:locale\" content=\"es_MX\" \/>\n<meta property=\"og:type\" content=\"article\" \/>\n<meta property=\"og:title\" content=\"Pega-Mos Piso\/Piso - Morteros Secos del Caribe\" \/>\n<meta property=\"og:description\" content=\"Adhesivo en polvo para la instalaci\u00f3n de piso sobre piso\" \/>\n<meta property=\"og:url\" content=\"https:\/\/moseca.com.mx\/index.php\/producto\/pega-mos-piso-piso\/\" \/>\n<meta property=\"og:site_name\" content=\"Morteros Secos del Caribe\" \/>\n<meta property=\"article:modified_time\" content=\"2025-12-11T15:22:47+00:00\" \/>\n<meta property=\"og:image\" content=\"https:\/\/moseca.com.mx\/wp-content\/uploads\/2025\/12\/PEGAMOS-PISO_PISO.png\" \/>\n\t<meta property=\"og:image:width\" content=\"2126\" \/>\n\t<meta property=\"og:image:height\" content=\"2198\" \/>\n\t<meta property=\"og:image:type\" content=\"image\/png\" \/>\n<meta name=\"twitter:card\" content=\"summary_large_image\" \/>\n<meta name=\"twitter:label1\" content=\"Tiempo de lectura\" \/>\n\t<meta name=\"twitter:data1\" content=\"1 minuto\" \/>\n<script type=\"application\/ld+json\" class=\"yoast-schema-graph\">{\"@context\":\"https:\/\/schema.org\",\"@graph\":[{\"@type\":\"WebPage\",\"@id\":\"https:\/\/moseca.com.mx\/index.php\/producto\/pega-mos-piso-piso\/\",\"url\":\"https:\/\/moseca.com.mx\/index.php\/producto\/pega-mos-piso-piso\/\",\"name\":\"Pega-Mos Piso\/Piso - Morteros Secos del Caribe\",\"isPartOf\":{\"@id\":\"https:\/\/moseca.com.mx\/#website\"},\"primaryImageOfPage\":{\"@id\":\"https:\/\/moseca.com.mx\/index.php\/producto\/pega-mos-piso-piso\/#primaryimage\"},\"image\":{\"@id\":\"https:\/\/moseca.com.mx\/index.php\/producto\/pega-mos-piso-piso\/#primaryimage\"},\"thumbnailUrl\":\"https:\/\/moseca.com.mx\/wp-content\/uploads\/2025\/12\/PEGAMOS-PISO_PISO.png\",\"datePublished\":\"2025-12-11T15:18:04+00:00\",\"dateModified\":\"2025-12-11T15:22:47+00:00\",\"breadcrumb\":{\"@id\":\"https:\/\/moseca.com.mx\/index.php\/producto\/pega-mos-piso-piso\/#breadcrumb\"},\"inLanguage\":\"es\",\"potentialAction\":[{\"@type\":\"ReadAction\",\"target\":[\"https:\/\/moseca.com.mx\/index.php\/producto\/pega-mos-piso-piso\/\"]}]},{\"@type\":\"ImageObject\",\"inLanguage\":\"es\",\"@id\":\"https:\/\/moseca.com.mx\/index.php\/producto\/pega-mos-piso-piso\/#primaryimage\",\"url\":\"https:\/\/moseca.com.mx\/wp-content\/uploads\/2025\/12\/PEGAMOS-PISO_PISO.png\",\"contentUrl\":\"https:\/\/moseca.com.mx\/wp-content\/uploads\/2025\/12\/PEGAMOS-PISO_PISO.png\",\"width\":2126,\"height\":2198},{\"@type\":\"BreadcrumbList\",\"@id\":\"https:\/\/moseca.com.mx\/index.php\/producto\/pega-mos-piso-piso\/#breadcrumb\",\"itemListElement\":[{\"@type\":\"ListItem\",\"position\":1,\"name\":\"Portada\",\"item\":\"https:\/\/moseca.com.mx\/\"},{\"@type\":\"ListItem\",\"position\":2,\"name\":\"Productos\",\"item\":\"https:\/\/moseca.com.mx\/index.php\/tienda__trashed\/\"},{\"@type\":\"ListItem\",\"position\":3,\"name\":\"Pega-Mos Piso\/Piso\"}]},{\"@type\":\"WebSite\",\"@id\":\"https:\/\/moseca.com.mx\/#website\",\"url\":\"https:\/\/moseca.com.mx\/\",\"name\":\"Morteros Secos del Caribe\",\"description\":\"\",\"publisher\":{\"@id\":\"https:\/\/moseca.com.mx\/#organization\"},\"potentialAction\":[{\"@type\":\"SearchAction\",\"target\":{\"@type\":\"EntryPoint\",\"urlTemplate\":\"https:\/\/moseca.com.mx\/?s={search_term_string}\"},\"query-input\":{\"@type\":\"PropertyValueSpecification\",\"valueRequired\":true,\"valueName\":\"search_term_string\"}}],\"inLanguage\":\"es\"},{\"@type\":\"Organization\",\"@id\":\"https:\/\/moseca.com.mx\/#organization\",\"name\":\"Morteros Secos del Caribe\",\"url\":\"https:\/\/moseca.com.mx\/\",\"logo\":{\"@type\":\"ImageObject\",\"inLanguage\":\"es\",\"@id\":\"https:\/\/moseca.com.mx\/#\/schema\/logo\/image\/\",\"url\":\"https:\/\/moseca.com.mx\/wp-content\/uploads\/2025\/08\/Logo-Moseca_Header.png\",\"contentUrl\":\"https:\/\/moseca.com.mx\/wp-content\/uploads\/2025\/08\/Logo-Moseca_Header.png\",\"width\":326,\"height\":221,\"caption\":\"Morteros Secos del Caribe\"},\"image\":{\"@id\":\"https:\/\/moseca.com.mx\/#\/schema\/logo\/image\/\"}}]}<\/script>\n<!-- \/ Yoast SEO plugin. -->","yoast_head_json":{"title":"Pega-Mos Piso\/Piso - Morteros Secos del Caribe","robots":{"index":"index","follow":"follow","max-snippet":"max-snippet:-1","max-image-preview":"max-image-preview:large","max-video-preview":"max-video-preview:-1"},"canonical":"https:\/\/moseca.com.mx\/index.php\/producto\/pega-mos-piso-piso\/","og_locale":"es_MX","og_type":"article","og_title":"Pega-Mos Piso\/Piso - Morteros Secos del Caribe","og_description":"Adhesivo en polvo para la instalaci\u00f3n de piso sobre piso","og_url":"https:\/\/moseca.com.mx\/index.php\/producto\/pega-mos-piso-piso\/","og_site_name":"Morteros Secos del Caribe","article_modified_time":"2025-12-11T15:22:47+00:00","og_image":[{"width":2126,"height":2198,"url":"https:\/\/moseca.com.mx\/wp-content\/uploads\/2025\/12\/PEGAMOS-PISO_PISO.png","type":"image\/png"}],"twitter_card":"summary_large_image","twitter_misc":{"Tiempo de lectura":"1 minuto"},"schema":{"@context":"https:\/\/schema.org","@graph":[{"@type":"WebPage","@id":"https:\/\/moseca.com.mx\/index.php\/producto\/pega-mos-piso-piso\/","url":"https:\/\/moseca.com.mx\/index.php\/producto\/pega-mos-piso-piso\/","name":"Pega-Mos Piso\/Piso - Morteros Secos del Caribe","isPartOf":{"@id":"https:\/\/moseca.com.mx\/#website"},"primaryImageOfPage":{"@id":"https:\/\/moseca.com.mx\/index.php\/producto\/pega-mos-piso-piso\/#primaryimage"},"image":{"@id":"https:\/\/moseca.com.mx\/index.php\/producto\/pega-mos-piso-piso\/#primaryimage"},"thumbnailUrl":"https:\/\/moseca.com.mx\/wp-content\/uploads\/2025\/12\/PEGAMOS-PISO_PISO.png","datePublished":"2025-12-11T15:18:04+00:00","dateModified":"2025-12-11T15:22:47+00:00","breadcrumb":{"@id":"https:\/\/moseca.com.mx\/index.php\/producto\/pega-mos-piso-piso\/#breadcrumb"},"inLanguage":"es","potentialAction":[{"@type":"ReadAction","target":["https:\/\/moseca.com.mx\/index.php\/producto\/pega-mos-piso-piso\/"]}]},{"@type":"ImageObject","inLanguage":"es","@id":"https:\/\/moseca.com.mx\/index.php\/producto\/pega-mos-piso-piso\/#primaryimage","url":"https:\/\/moseca.com.mx\/wp-content\/uploads\/2025\/12\/PEGAMOS-PISO_PISO.png","contentUrl":"https:\/\/moseca.com.mx\/wp-content\/uploads\/2025\/12\/PEGAMOS-PISO_PISO.png","width":2126,"height":2198},{"@type":"BreadcrumbList","@id":"https:\/\/moseca.com.mx\/index.php\/producto\/pega-mos-piso-piso\/#breadcrumb","itemListElement":[{"@type":"ListItem","position":1,"name":"Portada","item":"https:\/\/moseca.com.mx\/"},{"@type":"ListItem","position":2,"name":"Productos","item":"https:\/\/moseca.com.mx\/index.php\/tienda__trashed\/"},{"@type":"ListItem","position":3,"name":"Pega-Mos Piso\/Piso"}]},{"@type":"WebSite","@id":"https:\/\/moseca.com.mx\/#website","url":"https:\/\/moseca.com.mx\/","name":"Morteros Secos del Caribe","description":"","publisher":{"@id":"https:\/\/moseca.com.mx\/#organization"},"potentialAction":[{"@type":"SearchAction","target":{"@type":"EntryPoint","urlTemplate":"https:\/\/moseca.com.mx\/?s={search_term_string}"},"query-input":{"@type":"PropertyValueSpecification","valueRequired":true,"valueName":"search_term_string"}}],"inLanguage":"es"},{"@type":"Organization","@id":"https:\/\/moseca.com.mx\/#organization","name":"Morteros Secos del Caribe","url":"https:\/\/moseca.com.mx\/","logo":{"@type":"ImageObject","inLanguage":"es","@id":"https:\/\/moseca.com.mx\/#\/schema\/logo\/image\/","url":"https:\/\/moseca.com.mx\/wp-content\/uploads\/2025\/08\/Logo-Moseca_Header.png","contentUrl":"https:\/\/moseca.com.mx\/wp-content\/uploads\/2025\/08\/Logo-Moseca_Header.png","width":326,"height":221,"caption":"Morteros Secos del Caribe"},"image":{"@id":"https:\/\/moseca.com.mx\/#\/schema\/logo\/image\/"}}]}},"_links":{"self":[{"href":"https:\/\/moseca.com.mx\/index.php\/wp-json\/wp\/v2\/product\/692","targetHints":{"allow":["GET"]}}],"collection":[{"href":"https:\/\/moseca.com.mx\/index.php\/wp-json\/wp\/v2\/product"}],"about":[{"href":"https:\/\/moseca.com.mx\/index.php\/wp-json\/wp\/v2\/types\/product"}],"wp:featuredmedia":[{"embeddable":true,"href":"https:\/\/moseca.com.mx\/index.php\/wp-json\/wp\/v2\/media\/693"}],"wp:attachment":[{"href":"https:\/\/moseca.com.mx\/index.php\/wp-json\/wp\/v2\/media?parent=692"}],"wp:term":[{"taxonomy":"product_brand","embeddable":true,"href":"https:\/\/moseca.com.mx\/index.php\/wp-json\/wp\/v2\/product_brand?post=692"},{"taxonomy":"product_cat","embeddable":true,"href":"https:\/\/moseca.com.mx\/index.php\/wp-json\/wp\/v2\/product_cat?post=692"},{"taxonomy":"product_tag","embeddable":true,"href":"https:\/\/moseca.com.mx\/index.php\/wp-json\/wp\/v2\/product_tag?post=692"}],"curies":[{"name":"wp","href":"https:\/\/api.w.org\/{rel}","templated":true}]}}